{"id":26313,"date":"2021-03-07T13:09:49","date_gmt":"2021-03-07T13:09:49","guid":{"rendered":"https:\/\/brandfinity.ch\/agence-de-marketing-digital\/"},"modified":"2021-03-07T13:09:49","modified_gmt":"2021-03-07T13:09:49","slug":"agence-de-marketing-digital","status":"publish","type":"page","link":"https:\/\/brandfinity.ch\/en\/agence-de-marketing-digital\/","title":{"rendered":"Agence de marketing digital"},"content":{"rendered":"","protected":false},"excerpt":{"rendered":"","protected":false},"author":1,"featured_media":0,"parent":0,"menu_order":0,"comment_status":"closed","ping_status":"closed","template":"","meta":{"_et_pb_use_builder":"on","_et_pb_old_content":"","_et_gb_content_width":"","footnotes":""},"class_list":["post-26313","page","type-page","status-publish","hentry"],"yoast_head":"<!-- This site is optimized with the Yoast SEO Premium plugin v26.6 (Yoast SEO v27.3) - https:\/\/yoast.com\/product\/yoast-seo-premium-wordpress\/ -->\n<title>Digital Marketing | Digital marketing agency- Customer experience optimisation agency<\/title>\n<meta name=\"description\" content=\"Brandfinity - Agence de marketing digital au Royaume-Uni, en Suisse et en France. A obtenu des prix : &quot;la meilleure agence pour le marketing en ligne et l&#039;efficacit\u00e9 commerciale&quot;.\" \/>\n<meta name=\"robots\" content=\"index, follow, max-snippet:-1, max-image-preview:large, max-video-preview:-1\" \/>\n<link rel=\"canonical\" href=\"https:\/\/brandfinity.ch\/en\/agence-de-marketing-digital\/\" \/>\n<meta property=\"og:locale\" content=\"en_GB\" \/>\n<meta property=\"og:type\" content=\"article\" \/>\n<meta property=\"og:title\" content=\"Agence de marketing digital - Brandfinity\" \/>\n<meta property=\"og:description\" content=\"Brandfinity est une agence de marketing digital. Nos services couvrent le Royaume-Uni, la Suisse et la France. Nous avons \u00e9t\u00e9 r\u00e9compens\u00e9s par le &quot;Meilleur du web&quot; comme &quot;La meilleure agence pour l&#039;efficacit\u00e9 commerciale du marketing en ligne&quot;. D\u00e9couvrez ce que Brandfinity peut faire pour vous \/ votre entreprise.\" \/>\n<meta property=\"og:url\" content=\"https:\/\/brandfinity.ch\/en\/agence-de-marketing-digital\/\" \/>\n<meta property=\"og:site_name\" content=\"Customer experience optimisation agency\" \/>\n<meta name=\"twitter:card\" content=\"summary_large_image\" \/>\n<meta name=\"twitter:title\" content=\"Agence de marketing digital\" \/>\n<script type=\"application\/ld+json\" class=\"yoast-schema-graph\">{\"@context\":\"https:\\\/\\\/schema.org\",\"@graph\":[{\"@type\":\"WebPage\",\"@id\":\"https:\\\/\\\/brandfinity.ch\\\/en\\\/agence-de-marketing-digital\\\/\",\"url\":\"https:\\\/\\\/brandfinity.ch\\\/en\\\/agence-de-marketing-digital\\\/\",\"name\":\"Digital Marketing | Digital marketing agency- Customer experience optimisation agency\",\"isPartOf\":{\"@id\":\"https:\\\/\\\/brandfinity.ch\\\/en\\\/#website\"},\"datePublished\":\"2021-03-07T13:09:49+00:00\",\"description\":\"Brandfinity - Agence de marketing digital au Royaume-Uni, en Suisse et en France. A obtenu des prix : \\\"la meilleure agence pour le marketing en ligne et l'efficacit\u00e9 commerciale\\\".\",\"breadcrumb\":{\"@id\":\"https:\\\/\\\/brandfinity.ch\\\/en\\\/agence-de-marketing-digital\\\/#breadcrumb\"},\"inLanguage\":\"en-GB\",\"potentialAction\":[{\"@type\":\"ReadAction\",\"target\":[\"https:\\\/\\\/brandfinity.ch\\\/en\\\/agence-de-marketing-digital\\\/\"]}]},{\"@type\":\"BreadcrumbList\",\"@id\":\"https:\\\/\\\/brandfinity.ch\\\/en\\\/agence-de-marketing-digital\\\/#breadcrumb\",\"itemListElement\":[{\"@type\":\"ListItem\",\"position\":1,\"name\":\"Home\",\"item\":\"https:\\\/\\\/brandfinity.ch\\\/en\\\/\"},{\"@type\":\"ListItem\",\"position\":2,\"name\":\"Agence de marketing digital\"}]},{\"@type\":\"WebSite\",\"@id\":\"https:\\\/\\\/brandfinity.ch\\\/en\\\/#website\",\"url\":\"https:\\\/\\\/brandfinity.ch\\\/en\\\/\",\"name\":\"Customer experience optimisation agency\",\"description\":\"Brandfinity\",\"publisher\":{\"@id\":\"https:\\\/\\\/brandfinity.ch\\\/en\\\/#organization\"},\"potentialAction\":[{\"@type\":\"SearchAction\",\"target\":{\"@type\":\"EntryPoint\",\"urlTemplate\":\"https:\\\/\\\/brandfinity.ch\\\/en\\\/?s={search_term_string}\"},\"query-input\":{\"@type\":\"PropertyValueSpecification\",\"valueRequired\":true,\"valueName\":\"search_term_string\"}}],\"inLanguage\":\"en-GB\"},{\"@type\":\"Organization\",\"@id\":\"https:\\\/\\\/brandfinity.ch\\\/en\\\/#organization\",\"name\":\"Brandfinity\",\"url\":\"https:\\\/\\\/brandfinity.ch\\\/en\\\/\",\"logo\":{\"@type\":\"ImageObject\",\"inLanguage\":\"en-GB\",\"@id\":\"https:\\\/\\\/brandfinity.ch\\\/en\\\/#\\\/schema\\\/logo\\\/image\\\/\",\"url\":\"https:\\\/\\\/brandfinity.ch\\\/wp-content\\\/uploads\\\/2021\\\/11\\\/icon_brandfinity_640px.png\",\"contentUrl\":\"https:\\\/\\\/brandfinity.ch\\\/wp-content\\\/uploads\\\/2021\\\/11\\\/icon_brandfinity_640px.png\",\"width\":640,\"height\":640,\"caption\":\"Brandfinity\"},\"image\":{\"@id\":\"https:\\\/\\\/brandfinity.ch\\\/en\\\/#\\\/schema\\\/logo\\\/image\\\/\"}}]}<\/script>\n<!-- \/ Yoast SEO Premium plugin. -->","yoast_head_json":{"title":"Digital Marketing | Digital marketing agency- Customer experience optimisation agency","description":"Brandfinity - Agence de marketing digital au Royaume-Uni, en Suisse et en France. A obtenu des prix : \"la meilleure agence pour le marketing en ligne et l'efficacit\u00e9 commerciale\".","robots":{"index":"index","follow":"follow","max-snippet":"max-snippet:-1","max-image-preview":"max-image-preview:large","max-video-preview":"max-video-preview:-1"},"canonical":"https:\/\/brandfinity.ch\/en\/agence-de-marketing-digital\/","og_locale":"en_GB","og_type":"article","og_title":"Agence de marketing digital - Brandfinity","og_description":"Brandfinity est une agence de marketing digital. Nos services couvrent le Royaume-Uni, la Suisse et la France. Nous avons \u00e9t\u00e9 r\u00e9compens\u00e9s par le \"Meilleur du web\" comme \"La meilleure agence pour l'efficacit\u00e9 commerciale du marketing en ligne\". D\u00e9couvrez ce que Brandfinity peut faire pour vous \/ votre entreprise.","og_url":"https:\/\/brandfinity.ch\/en\/agence-de-marketing-digital\/","og_site_name":"Customer experience optimisation agency","twitter_card":"summary_large_image","twitter_title":"Agence de marketing digital","schema":{"@context":"https:\/\/schema.org","@graph":[{"@type":"WebPage","@id":"https:\/\/brandfinity.ch\/en\/agence-de-marketing-digital\/","url":"https:\/\/brandfinity.ch\/en\/agence-de-marketing-digital\/","name":"Digital Marketing | Digital marketing agency- Customer experience optimisation agency","isPartOf":{"@id":"https:\/\/brandfinity.ch\/en\/#website"},"datePublished":"2021-03-07T13:09:49+00:00","description":"Brandfinity - Agence de marketing digital au Royaume-Uni, en Suisse et en France. A obtenu des prix : \"la meilleure agence pour le marketing en ligne et l'efficacit\u00e9 commerciale\".","breadcrumb":{"@id":"https:\/\/brandfinity.ch\/en\/agence-de-marketing-digital\/#breadcrumb"},"inLanguage":"en-GB","potentialAction":[{"@type":"ReadAction","target":["https:\/\/brandfinity.ch\/en\/agence-de-marketing-digital\/"]}]},{"@type":"BreadcrumbList","@id":"https:\/\/brandfinity.ch\/en\/agence-de-marketing-digital\/#breadcrumb","itemListElement":[{"@type":"ListItem","position":1,"name":"Home","item":"https:\/\/brandfinity.ch\/en\/"},{"@type":"ListItem","position":2,"name":"Agence de marketing digital"}]},{"@type":"WebSite","@id":"https:\/\/brandfinity.ch\/en\/#website","url":"https:\/\/brandfinity.ch\/en\/","name":"Customer experience optimisation agency","description":"Brandfinity","publisher":{"@id":"https:\/\/brandfinity.ch\/en\/#organization"},"potentialAction":[{"@type":"SearchAction","target":{"@type":"EntryPoint","urlTemplate":"https:\/\/brandfinity.ch\/en\/?s={search_term_string}"},"query-input":{"@type":"PropertyValueSpecification","valueRequired":true,"valueName":"search_term_string"}}],"inLanguage":"en-GB"},{"@type":"Organization","@id":"https:\/\/brandfinity.ch\/en\/#organization","name":"Brandfinity","url":"https:\/\/brandfinity.ch\/en\/","logo":{"@type":"ImageObject","inLanguage":"en-GB","@id":"https:\/\/brandfinity.ch\/en\/#\/schema\/logo\/image\/","url":"https:\/\/brandfinity.ch\/wp-content\/uploads\/2021\/11\/icon_brandfinity_640px.png","contentUrl":"https:\/\/brandfinity.ch\/wp-content\/uploads\/2021\/11\/icon_brandfinity_640px.png","width":640,"height":640,"caption":"Brandfinity"},"image":{"@id":"https:\/\/brandfinity.ch\/en\/#\/schema\/logo\/image\/"}}]}},"_links":{"self":[{"href":"https:\/\/brandfinity.ch\/en\/wp-json\/wp\/v2\/pages\/26313","targetHints":{"allow":["GET"]}}],"collection":[{"href":"https:\/\/brandfinity.ch\/en\/wp-json\/wp\/v2\/pages"}],"about":[{"href":"https:\/\/brandfinity.ch\/en\/wp-json\/wp\/v2\/types\/page"}],"author":[{"embeddable":true,"href":"https:\/\/brandfinity.ch\/en\/wp-json\/wp\/v2\/users\/1"}],"replies":[{"embeddable":true,"href":"https:\/\/brandfinity.ch\/en\/wp-json\/wp\/v2\/comments?post=26313"}],"version-history":[{"count":0,"href":"https:\/\/brandfinity.ch\/en\/wp-json\/wp\/v2\/pages\/26313\/revisions"}],"wp:attachment":[{"href":"https:\/\/brandfinity.ch\/en\/wp-json\/wp\/v2\/media?parent=26313"}],"curies":[{"name":"wp","href":"https:\/\/api.w.org\/{rel}","templated":true}]}}