{"id":27830,"date":"2021-08-18T13:32:26","date_gmt":"2021-08-18T13:32:26","guid":{"rendered":"https:\/\/brandfinity.ch\/privatsphaere\/"},"modified":"2026-01-13T15:42:15","modified_gmt":"2026-01-13T15:42:15","slug":"privatsphaere","status":"publish","type":"page","link":"https:\/\/brandfinity.ch\/de\/privatsphaere\/","title":{"rendered":"Privatsph\u00e4re"},"content":{"rendered":"<p>[et_pb_section fb_built=&#187;1&#8243; admin_label=&#187;section&#187; _builder_version=&#187;4.16&#8243; global_colors_info=&#187;{}&#187;][et_pb_row admin_label=&#187;row&#187; _builder_version=&#187;4.16&#8243; background_size=&#187;initial&#187; background_position=&#187;top_left&#187; background_repeat=&#187;repeat&#187; global_colors_info=&#187;{}&#187;][et_pb_column type=&#187;4_4&#8243; _builder_version=&#187;4.16&#8243; custom_padding=&#187;|||&#187; global_colors_info=&#187;{}&#187; custom_padding__hover=&#187;|||&#187;][et_pb_text admin_label=&#187;Text&#187; _builder_version=&#187;4.27.4&#8243; background_size=&#187;initial&#187; background_position=&#187;top_left&#187; background_repeat=&#187;repeat&#187; hover_enabled=&#187;0&#8243; global_colors_info=&#187;{}&#187; sticky_enabled=&#187;0&#8243;]<\/p>\n<p>&nbsp;<\/p>\n<h1><strong>Privacy Policy<\/strong><\/h1>\n<p><strong>Brandfinity S\u00e0rl<\/strong><\/p>\n<p><i>Zuletzt aktualisiert: 13. Januar 2026<\/i><\/p>\n<p class=\"p3\">Brandfinity S\u00e0rl setzt sich daf\u00fcr ein, Ihre Privatsph\u00e4re zu sch\u00fctzen und Transparenz im Umgang mit Daten sicherzustellen. Diese Datenschutzrichtlinie erkl\u00e4rt, welche Informationen wir sammeln, wie wir sie verwenden und Ihre Rechte nach dem \u00fcberarbeiteten Schweizer Bundesgesetz zum Datenschutz (nFADP). <\/p>\n<p class=\"p3\">Diese Police ist umfassend und zug\u00e4nglich gestaltet und hilft Ihnen genau zu verstehen, wie wir mit Ihren Daten umgehen.<\/p>\n<p class=\"p5\"><b>1. Wer wir sind (Identit\u00e4t des Controllers) <\/b><\/p>\n<p class=\"p3\">Der Datenverantwortliche, der f\u00fcr die Verarbeitung Ihrer personenbezogenen Daten verantwortlich ist, ist:<\/p>\n<p class=\"p3\"><b>Firmenname: <\/b>Brandfinity S\u00e0rl<\/p>\n<p class=\"p3\"><b>Adresse: <\/b>Rte de Pal\u00e9zieux 121, 1618 Ch\u00e2tel-Saint-Denis, Schweiz<\/p>\n<p class=\"p3\">Bei Fragen zu dieser Datenschutzrichtlinie oder zu Ihren Datenrechten kontaktieren Sie uns bitte unter der oben genannten Adresse oder \u00fcber die auf unserer Website bereitgestellten Kontaktm\u00f6glichkeiten.<\/p>\n<p class=\"p5\"><b>2. Unsere technische Konfiguration und No-PII-Richtlinie <\/b><\/p>\n<p class=\"p3\">Wir haben strenge technische Ma\u00dfnahmen zum Schutz Ihrer Privatsph\u00e4re ergriffen:<\/p>\n<p class=\"p3\">\u2022 <b>Keine \u00dcbertragung personenbezogener Daten (PII): <\/b>Unsere Analysetools (Google Analytics 4 und Microsoft Clarity) sind so konfiguriert, dass sie die \u00dcbermittlung personenbezogener Daten verhindern. Das bedeutet, dass diese Werkzeuge keine Daten sammeln, die Sie direkt als Individuum identifizieren k\u00f6nnten. <\/p>\n<p class=\"p3\">\u2022 <b>Anonymisierung von IP-Adressen: <\/b>Mit Ausnahme von von Apollo.io bereitgestellten Diensten (siehe den untenstehenden speziellen Abschnitt) werden alle \u00fcber unsere Analysetools (insbesondere Google Analytics 4) gesammelten IP-Adressen sofort nach der Sammlung maskiert und anonymisiert. Wir speichern oder verarbeiten keine vollst\u00e4ndigen IP-Adressen f\u00fcr diese Dienste. Um mehr dar\u00fcber zu erfahren, wie Daten von Apollo.io verarbeitet werden, besuchen Sie bitte den <b>Bereich Sales Intelligence<\/b><b>. <\/b>   <\/p>\n<p class=\"p3\">\u2022 <b>Privacy by Design: <\/b>Diese Datenschutzma\u00dfnahmen sind direkt in unsere technische Infrastruktur integriert und funktionieren automatisch, sodass Ihre Daten von Anfang an gesch\u00fctzt sind.<\/p>\n<p class=\"p6\">\n<p class=\"p5\"><b>3. Wie wir Ihre Zustimmung verwalten <\/b><\/p>\n<p class=\"p1\">\n<p class=\"p3\">Wir nutzen <a href=\"https:\/\/biskoui.ch\/\"><span class=\"s2\">Biskoui<\/span><\/a>, eine in der Schweiz hergestellte Plattform zur Verwaltung von Einwilligungsrichtlinien, um Ihre Datenschutzpr\u00e4ferenzen zu verwalten. Wenn Sie unsere Website besuchen, haben Sie die Kontrolle dar\u00fcber, welche Tracking-Technologien Sie zulassen. <\/p>\n<p class=\"p3\"><b>Google Consent Mode v2 (Erweiterter Modus): <\/b><\/p>\n<p class=\"p3\">\u2022 <b>Wenn Sie die Zustimmung verweigern: <\/b>Wir senden &#171;cookielose Pings&#187; an Google ausschlie\u00dflich zur aggregierten Messung. Diese Signale verwenden keine persistenten Cookies und k\u00f6nnen Sie nicht einzeln \u00fcber Websites hinweg verfolgen. <\/p>\n<p class=\"p3\">\u2022 <b>Wenn Sie Ihre Zustimmung erteilen: <\/b>Persistente Cookies werden eingesetzt, um verbesserte Analysen bereitzustellen und Ihr Erlebnis zu verbessern. Sie k\u00f6nnen Ihre Zustimmung jederzeit \u00fcber das Biskoui-Einstellungssymbol auf unserer Website widerrufen. <\/p>\n<p class=\"p6\">\n<p class=\"p3\">Ihre Zustimmung wird f\u00fcr 12 Monate gespeichert, danach werden Sie gebeten, Ihre Pr\u00e4ferenzen erneut zu \u00fcberpr\u00fcfen.<\/p>\n<p class=\"p5\"><b>4. Speichertechnologien, die wir nutzen <\/b><\/p>\n<p class=\"p3\">Um unsere Dienstleistungen anzubieten und Ihr Erlebnis zu verbessern, nutzen wir folgende Speichertechnologien:<\/p>\n<p class=\"p3\">\u2022 <b>Cookies: Kleine <\/b>Textdateien, die auf Ihrem Ger\u00e4t gespeichert sind und uns helfen, Ihre Pr\u00e4ferenzen zu merken und die Website-Leistung zu messen.<\/p>\n<p class=\"p3\">\u2022 <b>Sitzungsspeicherung: <\/b>Tempor\u00e4rer Speicher, der nur existiert, w\u00e4hrend Sie unsere Website aktiv nutzen, und gel\u00f6scht wird, wenn Sie Ihren Browser schlie\u00dfen.<\/p>\n<p class=\"p3\">\u2022 <b>Lokaler Speicher: <\/b>Persistenter Speicher auf Ihrem Ger\u00e4t, der uns hilft, Ihre Einstellungen und Pr\u00e4ferenzen \u00fcber Besuche hinweg zu speichern.<\/p>\n<p class=\"p6\">\n<p class=\"p5\"><b>5. Werkzeuge und Dienstleistungen, die wir nutzen <\/b><\/p>\n<p class=\"p3\">Wir nutzen verschiedene Tools, um unsere Website zu betreiben, zu verstehen, wie Besucher mit unseren Inhalten interagieren, und kommunizieren mit potenziellen Kunden. Hier ist, was wir verwenden und warum: <\/p>\n<p class=\"p3\"><b>Analysetools: <\/b><\/p>\n<p class=\"p3\">\u2022 <b>Google Analytics: <\/b>Hilft uns, Website-Traffic-Muster, Nutzerverhalten und Inhaltsperformance zu verstehen. Unsere Google Analytics 4-Konfiguration ist so eingerichtet, dass sie die \u00dcbertragung personenbezogener Daten (PII) verhindert, sodass Ihre Privatsph\u00e4re gesch\u00fctzt bleibt, w\u00e4hrend wir aggregierte Nutzungsstatistiken sammeln. <\/p>\n<p class=\"p3\">\u2022 <b>Microsoft Clarity: <\/b>Bietet Sitzungsaufzeichnungen und Heatmaps, um die Benutzerfreundlichkeit und das Nutzererlebnis der Website zu verbessern. Alle Aufnahmen sind so konfiguriert, dass sensible Informationen automatisch verdeckt werden, und es werden keine personenbezogenen Daten erfasst. Diese Aufnahmen helfen uns, technische Probleme zu erkennen und zu verstehen, wie wir unsere Website benutzerfreundlicher gestalten k\u00f6nnen. Sitzungsdaten werden vollst\u00e4ndig anonymisiert und sicher gespeichert.   <\/p>\n<p class=\"p6\">\n<p class=\"p3\"><b>Optimierung: <\/b><\/p>\n<p class=\"p3\">\u2022 <b>Google Search Console: <\/b>\u00dcberwacht die Pr\u00e4senz unserer Website in den Google-Suchergebnissen und hilft uns, Inhalte f\u00fcr Suchmaschinen zu optimieren.<\/p>\n<p class=\"p6\">\n<p class=\"p3\"><b>Marketing und Remarketing: <\/b><\/p>\n<p class=\"p3\">\u2022 <b>Google Ads, LinkedIn, Meta (Facebook\/Instagram), Twitter, TikTok und Quora: <\/b>Diese Pixel erm\u00f6glichen es uns, die Werbeperformance zu messen und Sie mit relevanten Inhalten auf anderen Plattformen zu erreichen. Sie helfen uns zu verstehen, welche Anzeigen effektiv sind, und zeigen Ihnen Informationen \u00fcber unsere Dienste, wenn Sie diese Plattformen nutzen. <\/p>\n<p class=\"p6\">\n<p class=\"p3\">Sie k\u00f6nnen \u00fcber Ihre Browsereinstellungen oder den Biskoui-Einwilligungsmanager auf unserer Website von personalisierter Werbung abmelden.<\/p>\n<p class=\"p3\"><b>Verkaufsintelligenz: <\/b><\/p>\n<p class=\"p3\">\u2022 <b>Apollo.io: <\/b>Ausschlie\u00dflich f\u00fcr B2B-Forschung verwendet, um potenzielle Gesch\u00e4ftspartner zu identifizieren und Branchentrends zu verstehen. Dieses Tool verfolgt keine einzelnen Website-Besucher. <\/p>\n<p class=\"p6\">\n<p class=\"p3\"><b>Apollo.io <\/b>wird verwendet, um die Unternehmens- oder institutionellen Einrichtungen zu identifizieren, die unsere Seite besuchen, indem IP-Adressen mit \u00f6ffentlich verf\u00fcgbaren Unternehmensdatenbanken abgeglichen werden. Dieser Prozess dient dazu, gesch\u00e4ftliche Interessen zu identifizieren und liefert uns keine pers\u00f6nliche Identit\u00e4t, private Wohnverbindungsdetails oder spezifische Kontaktdaten eines einzelnen Besuchers. <\/p>\n<p class=\"p3\"><b>Ihre Rechte &amp; Opt-out: <\/b>Sie k\u00f6nnen die L\u00f6schung des Besuchsprotokolls aus unseren internen Systemen beantragen, indem Sie <span class=\"s2\"><b>dpo@brandfinity.ch <\/b><\/span> <\/p>\n<p class=\"p3\">Um sicherzustellen, dass Ihr professionelles Profil vollst\u00e4ndig aus der Datenbank des Drittanbieters entfernt wird, besuchen Sie bitte das <a href=\"https:\/\/www.apollo.io\/privacy-policy\/remove\"><span class=\"s2\"><b>Apollo.io Privacy Center <\/b><\/span><\/a>, um einen formellen Entfernungsantrag einzureichen.<\/p>\n<p class=\"p3\">\n<p class=\"p5\"><b>6. Automatisierungs- und Berichtssysteme <\/b><\/p>\n<p class=\"p3\">Um effizient zu arbeiten und aus unseren Daten sinnvolle Erkenntnisse zu gewinnen, nutzen wir folgende Systeme:<\/p>\n<p class=\"p3\">\u2022 <b>n8n: <\/b>Ein internes Workflow-Automatisierungstool, das uns hilft, verschiedene Systeme zu verbinden und Routineaufgaben zu automatisieren. Wir nutzen die Cloud-L\u00f6sung von n8n, um unsere Abl\u00e4ufe zu optimieren. <\/p>\n<p class=\"p3\">\u2022 <b>Funnel.io: <\/b>Zentralisiert Daten verschiedener Marketingplattformen f\u00fcr einheitliche Berichterstattung.<\/p>\n<p class=\"p3\">\u2022 <b>Google BigQuery, PowerBI und Looker Studio: Diese <\/b>Reporting-Tools helfen uns, aggregierte Daten zu analysieren und Visualisierungen zu erstellen. Sie verarbeiten anonymisierte, aggregierte Daten nur. <\/p>\n<p class=\"p6\">\n<p class=\"p5\"><b>7. Lead Capture und Business Relationship Management <\/b><\/p>\n<p class=\"p3\">Wenn Sie sich entscheiden, uns zu kontaktieren oder Informationen \u00fcber Formulare auf unserer Website anzufordern, sammeln und verarbeiten wir folgende Informationen:<\/p>\n<p class=\"p3\"><b>Informationen, die wir sammeln: <\/b><\/p>\n<p class=\"p3\">\u2022 Name<\/p>\n<p class=\"p3\">\u2022E-Mail-Adresse<\/p>\n<p class=\"p3\">\u2022 Firmenname<\/p>\n<p class=\"p3\">\u2022 Telefonnummer (sofern angegeben)<\/p>\n<p class=\"p6\">\n<p class=\"p3\"><b>Wie wir diese Informationen nutzen: <\/b><\/p>\n<p class=\"p3\">Diese Informationen werden \u00fcber ActiveCampaign, unsere Customer Relationship Management-Plattform, verarbeitet, um:<\/p>\n<p class=\"p3\">\u2022 Beantworte deine Anfragen<\/p>\n<p class=\"p3\">\u2022 Laufende Gesch\u00e4ftsbeziehungen zu verwalten<\/p>\n<p class=\"p3\">\u2022 Senden Sie relevante gesch\u00e4ftliche Mitteilungen (mit Ihrer Einwilligung)<\/p>\n<p class=\"p3\">\u2022 Kundenservice anbieten<\/p>\n<p class=\"p6\">\n<p class=\"p5\"><b>8. Wie lange wir Ihre Daten speichern <\/b><\/p>\n<p class=\"p3\">Wir speichern verschiedene Arten von Daten f\u00fcr unterschiedliche Zeitr\u00e4ume, abh\u00e4ngig von rechtlichen Anforderungen und gesch\u00e4ftlichen Bed\u00fcrfnissen:<\/p>\n<p class=\"p3\">\u2022 <b>Google Analytics 4: <\/b>14 Monate ab dem Abrufdatum<\/p>\n<p class=\"p3\">\u2022 <b>Microsoft Clarity: <\/b>Sitzungsaufnahmen werden f\u00fcr 30 Tage aufbewahrt; Heatmap-Daten f\u00fcr 13 Monate<\/p>\n<p class=\"p3\">\u2022 <b>Biskoui (Einverst\u00e4ndnisunterlagen): <\/b>12 Monate ab dem Datum der Erteilung oder \u00c4nderung der Zustimmung<\/p>\n<p class=\"p3\">\u2022 <b>Gesch\u00e4ftsunterlagen: <\/b>Bis zu 10 Jahre, wie es der Schweizer Pflichtkodex f\u00fcr Buchhaltung, Abrechnung und Gesch\u00e4ftskorrespondenz vorschreibt,<\/p>\n<p class=\"p6\">\n<p class=\"p3\">Nach Ablauf dieser Aufbewahrungsfristen werden die Daten entweder gel\u00f6scht oder anonymisiert, sodass sie nicht mehr mit Ihnen verkn\u00fcpft werden k\u00f6nnen.<\/p>\n<p class=\"p5\"><b>9. Internationale Daten\u00fcbertragungen <\/b><\/p>\n<p class=\"p3\">Einige der von uns verwendeten Werkzeuge werden von Unternehmen au\u00dferhalb der Schweiz betrieben. Das bedeutet, dass Ihre Daten in andere L\u00e4nder \u00fcbertragen und dort verarbeitet werden k\u00f6nnen, insbesondere in die Vereinigten Staaten. <\/p>\n<p class=\"p3\"><b>Beteiligte L\u00e4nder: <\/b><\/p>\n<p class=\"p3\">Daten k\u00f6nnen in die Vereinigten Staaten zur Verarbeitung durch folgende Dienstanbieter \u00fcbertragen werden: Google (Analytics, Ads, Search Console), Meta (Facebook, Instagram), Apollo.io und ActiveCampaign.<\/p>\n<p class=\"p3\"><b>Rechtliche Schutzma\u00dfnahmen: <\/b><\/p>\n<p class=\"p3\">Um sicherzustellen, dass Ihre Daten bei internationaler \u00dcbertragung gesch\u00fctzt bleiben, verlassen wir uns auf Standardvertragsklauseln (SCCs), die von den Schweizer Beh\u00f6rden genehmigt wurden. Dies sind rechtlich bindende Vertr\u00e4ge, die von unseren Dienstleistern verlangen, das gleiche Ma\u00df an Datenschutz einzuhalten, wie es schweizerisches Recht vorschreibt. <\/p>\n<p class=\"p3\">Wir pr\u00fcfen sorgf\u00e4ltig die Datenschutzpraktiken jedes Dienstleisters und arbeiten nur mit Unternehmen zusammen, die unsere Datenschutzstandards erf\u00fcllen.<\/p>\n<p class=\"p5\"><b>10. Ihre Rechte und wie Sie sie aus\u00fcben <\/b><\/p>\n<p class=\"p3\">Nach dem Schweizer Datenschutzrecht haben Sie folgende Rechte bez\u00fcglich Ihrer personenbezogenen Daten:<\/p>\n<p class=\"p3\">\u2022 <b>Zugangsrecht: Sie <\/b>k\u00f6nnen eine Best\u00e4tigung anfordern, ob wir Ihre personenbezogenen Daten verarbeiten, und eine Kopie dieser Daten erhalten.<\/p>\n<p class=\"p3\">\u2022 <b>Recht auf Korrektur: <\/b>Sie k\u00f6nnen uns bitten, ungenaue oder unvollst\u00e4ndige personenbezogene Daten zu korrigieren.<\/p>\n<p class=\"p3\">\u2022 <b>Recht auf L\u00f6schung: <\/b>Sie k\u00f6nnen beantragen, dass wir Ihre personenbezogenen Daten l\u00f6schen, vorbehaltlich gesetzlicher Aufbewahrungspflichten.<\/p>\n<p class=\"p3\">\u2022 <b>Recht auf Datenportabilit\u00e4t: <\/b>Sie k\u00f6nnen den Empfang Ihrer Daten in einem strukturierten, h\u00e4ufig verwendeten und maschinenlesbaren Format beantragen.<\/p>\n<p class=\"p3\">\u2022 <b>Recht auf Einspruch: <\/b>Sie k\u00f6nnen gegen bestimmte Arten der Datenverarbeitung Einspruch erheben, insbesondere zu Marketingzwecken.<\/p>\n<p class=\"p6\">\n<p class=\"p3\"><b>Wie Sie Ihre Rechte aus\u00fcben: <\/b><\/p>\n<p class=\"p3\">Sie k\u00f6nnen viele Ihrer Datenschutzpr\u00e4ferenzen direkt \u00fcber das Biskoui-Einstellungssymbol auf unserer Website verwalten. F\u00fcr weitere Anfragen oder Fragen zu Ihren Datenrechten kontaktieren Sie uns bitte mit den in Abschnitt 1 bereitgestellten Informationen. <\/p>\n<p class=\"p3\">Wir werden Ihre Anfrage innerhalb von 30 Tagen beantworten. Wenn Sie der Meinung sind, dass wir Ihre personenbezogenen Daten nicht gem\u00e4\u00df Schweizer Recht behandelt haben, haben Sie das Recht, eine Beschwerde beim Bundes Datenschutz- und Informationskommissar (FDPIC) einzureichen. <\/p>\n<p class=\"p5\"><b>\u00c4nderungen an dieser Datenschutzrichtlinie <\/b><\/p>\n<p class=\"p3\">Wir k\u00f6nnen diese Datenschutzrichtlinie von Zeit zu Zeit aktualisieren, um \u00c4nderungen in unseren Praktiken oder gesetzlichen Anforderungen widerzuspiegeln. Wenn wir wesentliche \u00c4nderungen vornehmen, benachrichtigen wir Sie \u00fcber unsere Website oder per E-Mail, wenn Sie uns Ihre Kontaktdaten gegeben haben. Das Datum oben in dieser Police gibt an, wann sie zuletzt aktualisiert wurde.  <\/p>\n<p class=\"p5\"><b>Kontaktinformationen <\/b><\/p>\n<p class=\"p3\">Wenn Sie Fragen zu dieser Datenschutzrichtlinie oder zum Umgang mit Ihren Daten haben, kontaktieren Sie uns bitte:<\/p>\n<p class=\"p3\"><b>Brandfinity S\u00e0rl <\/b><\/p>\n<p class=\"p3\">Rte de Pal\u00e9zieux 121<\/p>\n<p class=\"p3\">1618 Ch\u00e2tel-Saint-Denis<\/p>\n<p class=\"p3\">Schweiz<\/p>\n<h3><span>Handelsregisternummer<\/span><\/h3>\n<p><span>CH-550.1.156.156-3<\/span><\/p>\n<h3><span>UID\/Mehrwertsteuer<\/span><\/h3>\n<p><span>CHE-143.709.461<\/span><\/p>\n<p class=\"p3\"><span data-teams=\"true\"> <\/span><\/p>\n<p class=\"p4\">* * *<\/p>\n<p>[\/et_pb_text][\/et_pb_column][\/et_pb_row][\/et_pb_section]<\/p>\n","protected":false},"excerpt":{"rendered":"<p>&nbsp; Privacy Policy Brandfinity S\u00e0rl Zuletzt aktualisiert: 13. Januar 2026 Brandfinity S\u00e0rl setzt sich daf\u00fcr ein, Ihre Privatsph\u00e4re zu sch\u00fctzen und Transparenz im Umgang mit Daten sicherzustellen. Diese Datenschutzrichtlinie erkl\u00e4rt, welche Informationen wir sammeln, wie wir sie verwenden und Ihre Rechte nach dem \u00fcberarbeiteten Schweizer Bundesgesetz zum Datenschutz (nFADP). Diese Police ist umfassend und zug\u00e4nglich [&hellip;]<\/p>\n","protected":false},"author":1,"featured_media":0,"parent":0,"menu_order":0,"comment_status":"closed","ping_status":"closed","template":"","meta":{"_et_pb_use_builder":"on","_et_pb_old_content":"","_et_gb_content_width":"","footnotes":""},"class_list":["post-27830","page","type-page","status-publish","hentry"],"yoast_head":"<!-- This site is optimized with the Yoast SEO Premium plugin v26.6 (Yoast SEO v27.3) - https:\/\/yoast.com\/product\/yoast-seo-premium-wordpress\/ -->\n<title>Privatsph\u00e4re - Customer experience optimisation agency<\/title>\n<meta name=\"robots\" content=\"index, follow, max-snippet:-1, max-image-preview:large, max-video-preview:-1\" \/>\n<link rel=\"canonical\" href=\"https:\/\/brandfinity.ch\/de\/privatsphaere\/\" \/>\n<meta property=\"og:locale\" content=\"de_DE\" \/>\n<meta property=\"og:type\" content=\"article\" \/>\n<meta property=\"og:title\" content=\"Privatsph\u00e4re\" \/>\n<meta property=\"og:description\" content=\"&nbsp; Privacy Policy Brandfinity S\u00e0rl Zuletzt aktualisiert: 13. Januar 2026 Brandfinity S\u00e0rl setzt sich daf\u00fcr ein, Ihre Privatsph\u00e4re zu sch\u00fctzen und Transparenz im Umgang mit Daten sicherzustellen. Diese Datenschutzrichtlinie erkl\u00e4rt, welche Informationen wir sammeln, wie wir sie verwenden und Ihre Rechte nach dem \u00fcberarbeiteten Schweizer Bundesgesetz zum Datenschutz (nFADP). Diese Police ist umfassend und zug\u00e4nglich [&hellip;]\" \/>\n<meta property=\"og:url\" content=\"https:\/\/brandfinity.ch\/de\/privatsphaere\/\" \/>\n<meta property=\"og:site_name\" content=\"Customer experience optimisation agency\" \/>\n<meta property=\"article:modified_time\" content=\"2026-01-13T15:42:15+00:00\" \/>\n<meta name=\"twitter:card\" content=\"summary_large_image\" \/>\n<meta name=\"twitter:label1\" content=\"Gesch\u00e4tzte Lesezeit\" \/>\n\t<meta name=\"twitter:data1\" content=\"8\u00a0Minuten\" \/>\n<script type=\"application\/ld+json\" class=\"yoast-schema-graph\">{\"@context\":\"https:\\\/\\\/schema.org\",\"@graph\":[{\"@type\":\"WebPage\",\"@id\":\"https:\\\/\\\/brandfinity.ch\\\/de\\\/privatsphaere\\\/\",\"url\":\"https:\\\/\\\/brandfinity.ch\\\/de\\\/privatsphaere\\\/\",\"name\":\"Privatsph\u00e4re - Customer experience optimisation agency\",\"isPartOf\":{\"@id\":\"https:\\\/\\\/brandfinity.ch\\\/de\\\/#website\"},\"datePublished\":\"2021-08-18T13:32:26+00:00\",\"dateModified\":\"2026-01-13T15:42:15+00:00\",\"breadcrumb\":{\"@id\":\"https:\\\/\\\/brandfinity.ch\\\/de\\\/privatsphaere\\\/#breadcrumb\"},\"inLanguage\":\"de-CH\",\"potentialAction\":[{\"@type\":\"ReadAction\",\"target\":[\"https:\\\/\\\/brandfinity.ch\\\/de\\\/privatsphaere\\\/\"]}]},{\"@type\":\"BreadcrumbList\",\"@id\":\"https:\\\/\\\/brandfinity.ch\\\/de\\\/privatsphaere\\\/#breadcrumb\",\"itemListElement\":[{\"@type\":\"ListItem\",\"position\":1,\"name\":\"Home\",\"item\":\"https:\\\/\\\/brandfinity.ch\\\/de\\\/\"},{\"@type\":\"ListItem\",\"position\":2,\"name\":\"Privatsph\u00e4re\"}]},{\"@type\":\"WebSite\",\"@id\":\"https:\\\/\\\/brandfinity.ch\\\/de\\\/#website\",\"url\":\"https:\\\/\\\/brandfinity.ch\\\/de\\\/\",\"name\":\"Customer experience optimisation agency\",\"description\":\"Brandfinity\",\"publisher\":{\"@id\":\"https:\\\/\\\/brandfinity.ch\\\/de\\\/#organization\"},\"potentialAction\":[{\"@type\":\"SearchAction\",\"target\":{\"@type\":\"EntryPoint\",\"urlTemplate\":\"https:\\\/\\\/brandfinity.ch\\\/de\\\/?s={search_term_string}\"},\"query-input\":{\"@type\":\"PropertyValueSpecification\",\"valueRequired\":true,\"valueName\":\"search_term_string\"}}],\"inLanguage\":\"de-CH\"},{\"@type\":\"Organization\",\"@id\":\"https:\\\/\\\/brandfinity.ch\\\/de\\\/#organization\",\"name\":\"Brandfinity\",\"url\":\"https:\\\/\\\/brandfinity.ch\\\/de\\\/\",\"logo\":{\"@type\":\"ImageObject\",\"inLanguage\":\"de-CH\",\"@id\":\"https:\\\/\\\/brandfinity.ch\\\/de\\\/#\\\/schema\\\/logo\\\/image\\\/\",\"url\":\"https:\\\/\\\/brandfinity.ch\\\/wp-content\\\/uploads\\\/2021\\\/11\\\/icon_brandfinity_640px.png\",\"contentUrl\":\"https:\\\/\\\/brandfinity.ch\\\/wp-content\\\/uploads\\\/2021\\\/11\\\/icon_brandfinity_640px.png\",\"width\":640,\"height\":640,\"caption\":\"Brandfinity\"},\"image\":{\"@id\":\"https:\\\/\\\/brandfinity.ch\\\/de\\\/#\\\/schema\\\/logo\\\/image\\\/\"}}]}<\/script>\n<!-- \/ Yoast SEO Premium plugin. -->","yoast_head_json":{"title":"Privatsph\u00e4re - Customer experience optimisation agency","robots":{"index":"index","follow":"follow","max-snippet":"max-snippet:-1","max-image-preview":"max-image-preview:large","max-video-preview":"max-video-preview:-1"},"canonical":"https:\/\/brandfinity.ch\/de\/privatsphaere\/","og_locale":"de_DE","og_type":"article","og_title":"Privatsph\u00e4re","og_description":"&nbsp; Privacy Policy Brandfinity S\u00e0rl Zuletzt aktualisiert: 13. Januar 2026 Brandfinity S\u00e0rl setzt sich daf\u00fcr ein, Ihre Privatsph\u00e4re zu sch\u00fctzen und Transparenz im Umgang mit Daten sicherzustellen. Diese Datenschutzrichtlinie erkl\u00e4rt, welche Informationen wir sammeln, wie wir sie verwenden und Ihre Rechte nach dem \u00fcberarbeiteten Schweizer Bundesgesetz zum Datenschutz (nFADP). Diese Police ist umfassend und zug\u00e4nglich [&hellip;]","og_url":"https:\/\/brandfinity.ch\/de\/privatsphaere\/","og_site_name":"Customer experience optimisation agency","article_modified_time":"2026-01-13T15:42:15+00:00","twitter_card":"summary_large_image","twitter_misc":{"Gesch\u00e4tzte Lesezeit":"8\u00a0Minuten"},"schema":{"@context":"https:\/\/schema.org","@graph":[{"@type":"WebPage","@id":"https:\/\/brandfinity.ch\/de\/privatsphaere\/","url":"https:\/\/brandfinity.ch\/de\/privatsphaere\/","name":"Privatsph\u00e4re - Customer experience optimisation agency","isPartOf":{"@id":"https:\/\/brandfinity.ch\/de\/#website"},"datePublished":"2021-08-18T13:32:26+00:00","dateModified":"2026-01-13T15:42:15+00:00","breadcrumb":{"@id":"https:\/\/brandfinity.ch\/de\/privatsphaere\/#breadcrumb"},"inLanguage":"de-CH","potentialAction":[{"@type":"ReadAction","target":["https:\/\/brandfinity.ch\/de\/privatsphaere\/"]}]},{"@type":"BreadcrumbList","@id":"https:\/\/brandfinity.ch\/de\/privatsphaere\/#breadcrumb","itemListElement":[{"@type":"ListItem","position":1,"name":"Home","item":"https:\/\/brandfinity.ch\/de\/"},{"@type":"ListItem","position":2,"name":"Privatsph\u00e4re"}]},{"@type":"WebSite","@id":"https:\/\/brandfinity.ch\/de\/#website","url":"https:\/\/brandfinity.ch\/de\/","name":"Customer experience optimisation agency","description":"Brandfinity","publisher":{"@id":"https:\/\/brandfinity.ch\/de\/#organization"},"potentialAction":[{"@type":"SearchAction","target":{"@type":"EntryPoint","urlTemplate":"https:\/\/brandfinity.ch\/de\/?s={search_term_string}"},"query-input":{"@type":"PropertyValueSpecification","valueRequired":true,"valueName":"search_term_string"}}],"inLanguage":"de-CH"},{"@type":"Organization","@id":"https:\/\/brandfinity.ch\/de\/#organization","name":"Brandfinity","url":"https:\/\/brandfinity.ch\/de\/","logo":{"@type":"ImageObject","inLanguage":"de-CH","@id":"https:\/\/brandfinity.ch\/de\/#\/schema\/logo\/image\/","url":"https:\/\/brandfinity.ch\/wp-content\/uploads\/2021\/11\/icon_brandfinity_640px.png","contentUrl":"https:\/\/brandfinity.ch\/wp-content\/uploads\/2021\/11\/icon_brandfinity_640px.png","width":640,"height":640,"caption":"Brandfinity"},"image":{"@id":"https:\/\/brandfinity.ch\/de\/#\/schema\/logo\/image\/"}}]}},"_links":{"self":[{"href":"https:\/\/brandfinity.ch\/de\/wp-json\/wp\/v2\/pages\/27830","targetHints":{"allow":["GET"]}}],"collection":[{"href":"https:\/\/brandfinity.ch\/de\/wp-json\/wp\/v2\/pages"}],"about":[{"href":"https:\/\/brandfinity.ch\/de\/wp-json\/wp\/v2\/types\/page"}],"author":[{"embeddable":true,"href":"https:\/\/brandfinity.ch\/de\/wp-json\/wp\/v2\/users\/1"}],"replies":[{"embeddable":true,"href":"https:\/\/brandfinity.ch\/de\/wp-json\/wp\/v2\/comments?post=27830"}],"version-history":[{"count":19,"href":"https:\/\/brandfinity.ch\/de\/wp-json\/wp\/v2\/pages\/27830\/revisions"}],"predecessor-version":[{"id":238904,"href":"https:\/\/brandfinity.ch\/de\/wp-json\/wp\/v2\/pages\/27830\/revisions\/238904"}],"wp:attachment":[{"href":"https:\/\/brandfinity.ch\/de\/wp-json\/wp\/v2\/media?parent=27830"}],"curies":[{"name":"wp","href":"https:\/\/api.w.org\/{rel}","templated":true}]}}