{"id":26066,"date":"2021-02-21T11:57:50","date_gmt":"2021-02-21T11:57:50","guid":{"rendered":"https:\/\/brandfinity.ch\/dankeschon\/"},"modified":"2025-02-10T15:11:21","modified_gmt":"2025-02-10T15:11:21","slug":"dankeschon","status":"publish","type":"page","link":"https:\/\/brandfinity.ch\/de\/dankeschon\/","title":{"rendered":"Dankesch\u00f6n"},"content":{"rendered":"<p>[et_pb_section fb_built=&#187;1&#8243; _builder_version=&#187;4.27.4&#8243; _module_preset=&#187;default&#187; background_enable_color=&#187;off&#187; background_enable_image=&#187;off&#187; global_colors_info=&#187;{}&#187; theme_builder_area=&#187;post_content&#187;][et_pb_row _builder_version=&#187;4.16&#8243; _module_preset=&#187;default&#187; global_colors_info=&#187;{}&#187; theme_builder_area=&#187;post_content&#187;][et_pb_column type=&#187;4_4&#8243; _builder_version=&#187;4.16&#8243; _module_preset=&#187;default&#187; global_colors_info=&#187;{}&#187; theme_builder_area=&#187;post_content&#187;][et_pb_text _builder_version=&#187;4.27.4&#8243; _module_preset=&#187;default&#187; header_2_font=&#187;&#8211;et_global_heading_font||||||||&#187; header_2_text_color=&#187;#090A3C&#187; header_2_font_size=&#187;4vw&#187; header_2_line_height=&#187;1.8em&#187; hover_enabled=&#187;0&#8243; header_2_font_size_tablet=&#187;6vw&#187; header_2_font_size_phone=&#187;8vw&#187; header_2_font_size_last_edited=&#187;on|phone&#187; global_colors_info=&#187;{}&#187; theme_builder_area=&#187;post_content&#187; sticky_enabled=&#187;0&#8243;]<\/p>\n<h2><strong>Vielen Dank, dass Sie uns kontaktiert haben!<\/strong><\/h2>\n<p>[\/et_pb_text][et_pb_text _builder_version=&#187;4.27.4&#8243; _module_preset=&#187;default&#187; text_font=&#187;&#8211;et_global_body_font||||||||&#187; text_text_color=&#187;#77839a&#187; text_font_size=&#187;20px&#187; text_line_height=&#187;1.8em&#187; header_3_font=&#187;&#8211;et_global_heading_font||||||||&#187; header_3_text_color=&#187;#ffffff&#187; header_3_font_size=&#187;30px&#187; hover_enabled=&#187;0&#8243; text_font_size_tablet=&#187;20px&#187; text_font_size_phone=&#187;14pt&#187; text_font_size_last_edited=&#187;on|phone&#187; header_font_size_tablet=&#187;&#187; header_font_size_phone=&#187;20px&#187; header_font_size_last_edited=&#187;on|phone&#187; global_colors_info=&#187;{}&#187; theme_builder_area=&#187;post_content&#187; sticky_enabled=&#187;0&#8243;]Wir freuen uns auf den Austausch mit Ihnen! Ihre Nachricht ist bei uns eingegangen, und unser Team wird Ihnen so schnell wie m\u00f6glich antworten.[\/et_pb_text][et_pb_text _builder_version=&#187;4.27.4&#8243; _module_preset=&#187;default&#187; text_font=&#187;&#8211;et_global_body_font||||||||&#187; text_text_color=&#187;#004FFF&#187; text_font_size=&#187;20px&#187; text_line_height=&#187;1.8em&#187; header_3_font=&#187;&#8211;et_global_heading_font|700|||||||&#187; header_3_text_color=&#187;#004FFF&#187; header_3_font_size=&#187;20px&#187; hover_enabled=&#187;0&#8243; text_font_size_tablet=&#187;20px&#187; text_font_size_phone=&#187;14pt&#187; text_font_size_last_edited=&#187;on|phone&#187; header_font_size_tablet=&#187;&#187; header_font_size_phone=&#187;20px&#187; header_font_size_last_edited=&#187;on|phone&#187; header_3_font_size_tablet=&#187;20px&#187; header_3_font_size_phone=&#187;14pt&#187; header_3_font_size_last_edited=&#187;on|phone&#187; global_colors_info=&#187;{}&#187; theme_builder_area=&#187;post_content&#187; sticky_enabled=&#187;0&#8243;]<strong>\u00dcberpr\u00fcfen Sie Ihr E-Mail-Postfach (einschlie\u00dflich des Spam-Ordners).<\/strong><\/p>\n<p><strong><\/strong>[\/et_pb_text][et_pb_text _builder_version=&#187;4.27.4&#8243; _module_preset=&#187;default&#187; text_font=&#187;&#8211;et_global_body_font||||||||&#187; text_text_color=&#187;#77839a&#187; text_font_size=&#187;20px&#187; text_line_height=&#187;1.8em&#187; header_3_font=&#187;&#8211;et_global_heading_font||||||||&#187; header_3_text_color=&#187;#ffffff&#187; header_3_font_size=&#187;30px&#187; hover_enabled=&#187;0&#8243; text_font_size_tablet=&#187;20px&#187; text_font_size_phone=&#187;14pt&#187; text_font_size_last_edited=&#187;on|phone&#187; header_font_size_tablet=&#187;&#187; header_font_size_phone=&#187;20px&#187; header_font_size_last_edited=&#187;on|phone&#187; global_colors_info=&#187;{}&#187; theme_builder_area=&#187;post_content&#187; sticky_enabled=&#187;0&#8243;]<\/p>\n<p>Bitte best\u00e4tigen und <strong>verifizieren Sie Ihre E-Mail-Adresse<\/strong>, um sicherzustellen, dass Sie unsere n\u00e4chsten Nachrichten direkt in Ihrem Posteingang erhalten und mit wertvollen Informationen von Brandfinity auf dem Laufenden bleiben.<\/p>\n<p>Wir freuen uns darauf, bald mit Ihnen zu sprechen! <\/p>\n<p>[\/et_pb_text][\/et_pb_column][\/et_pb_row][\/et_pb_section]<\/p>\n","protected":false},"excerpt":{"rendered":"<p>Vielen Dank, dass Sie uns kontaktiert haben!Wir freuen uns auf den Austausch mit Ihnen! Ihre Nachricht ist bei uns eingegangen, und unser Team wird Ihnen so schnell wie m\u00f6glich antworten.\u00dcberpr\u00fcfen Sie Ihr E-Mail-Postfach (einschlie\u00dflich des Spam-Ordners). Bitte best\u00e4tigen und verifizieren Sie Ihre E-Mail-Adresse, um sicherzustellen, dass Sie unsere n\u00e4chsten Nachrichten direkt in Ihrem Posteingang erhalten [&hellip;]<\/p>\n","protected":false},"author":1,"featured_media":0,"parent":0,"menu_order":0,"comment_status":"closed","ping_status":"closed","template":"","meta":{"_et_pb_use_builder":"on","_et_pb_old_content":"","_et_gb_content_width":"","footnotes":""},"class_list":["post-26066","page","type-page","status-publish","hentry"],"yoast_head":"<!-- This site is optimized with the Yoast SEO Premium plugin v26.6 (Yoast SEO v27.5) - https:\/\/yoast.com\/product\/yoast-seo-premium-wordpress\/ -->\n<title>Dankesch\u00f6n - Customer experience optimisation agency<\/title>\n<meta name=\"robots\" content=\"index, follow, max-snippet:-1, max-image-preview:large, max-video-preview:-1\" \/>\n<link rel=\"canonical\" href=\"https:\/\/brandfinity.ch\/de\/dankeschon\/\" \/>\n<meta property=\"og:locale\" content=\"de_DE\" \/>\n<meta property=\"og:type\" content=\"article\" \/>\n<meta property=\"og:title\" content=\"Dankesch\u00f6n\" \/>\n<meta property=\"og:description\" content=\"Vielen Dank, dass Sie uns kontaktiert haben!Wir freuen uns auf den Austausch mit Ihnen! Ihre Nachricht ist bei uns eingegangen, und unser Team wird Ihnen so schnell wie m\u00f6glich antworten.\u00dcberpr\u00fcfen Sie Ihr E-Mail-Postfach (einschlie\u00dflich des Spam-Ordners). Bitte best\u00e4tigen und verifizieren Sie Ihre E-Mail-Adresse, um sicherzustellen, dass Sie unsere n\u00e4chsten Nachrichten direkt in Ihrem Posteingang erhalten [&hellip;]\" \/>\n<meta property=\"og:url\" content=\"https:\/\/brandfinity.ch\/de\/dankeschon\/\" \/>\n<meta property=\"og:site_name\" content=\"Customer experience optimisation agency\" \/>\n<meta property=\"article:modified_time\" content=\"2025-02-10T15:11:21+00:00\" \/>\n<meta name=\"twitter:card\" content=\"summary_large_image\" \/>\n<meta name=\"twitter:label1\" content=\"Gesch\u00e4tzte Lesezeit\" \/>\n\t<meta name=\"twitter:data1\" content=\"1\u00a0Minute\" \/>\n<script type=\"application\/ld+json\" class=\"yoast-schema-graph\">{\"@context\":\"https:\\\/\\\/schema.org\",\"@graph\":[{\"@type\":\"WebPage\",\"@id\":\"https:\\\/\\\/brandfinity.ch\\\/de\\\/dankeschon\\\/\",\"url\":\"https:\\\/\\\/brandfinity.ch\\\/de\\\/dankeschon\\\/\",\"name\":\"Dankesch\u00f6n - Customer experience optimisation agency\",\"isPartOf\":{\"@id\":\"https:\\\/\\\/brandfinity.ch\\\/de\\\/#website\"},\"datePublished\":\"2021-02-21T11:57:50+00:00\",\"dateModified\":\"2025-02-10T15:11:21+00:00\",\"breadcrumb\":{\"@id\":\"https:\\\/\\\/brandfinity.ch\\\/de\\\/dankeschon\\\/#breadcrumb\"},\"inLanguage\":\"de-CH\",\"potentialAction\":[{\"@type\":\"ReadAction\",\"target\":[\"https:\\\/\\\/brandfinity.ch\\\/de\\\/dankeschon\\\/\"]}]},{\"@type\":\"BreadcrumbList\",\"@id\":\"https:\\\/\\\/brandfinity.ch\\\/de\\\/dankeschon\\\/#breadcrumb\",\"itemListElement\":[{\"@type\":\"ListItem\",\"position\":1,\"name\":\"Home\",\"item\":\"https:\\\/\\\/brandfinity.ch\\\/de\\\/\"},{\"@type\":\"ListItem\",\"position\":2,\"name\":\"Dankesch\u00f6n\"}]},{\"@type\":\"WebSite\",\"@id\":\"https:\\\/\\\/brandfinity.ch\\\/de\\\/#website\",\"url\":\"https:\\\/\\\/brandfinity.ch\\\/de\\\/\",\"name\":\"Customer experience optimisation agency\",\"description\":\"Brandfinity\",\"publisher\":{\"@id\":\"https:\\\/\\\/brandfinity.ch\\\/de\\\/#organization\"},\"potentialAction\":[{\"@type\":\"SearchAction\",\"target\":{\"@type\":\"EntryPoint\",\"urlTemplate\":\"https:\\\/\\\/brandfinity.ch\\\/de\\\/?s={search_term_string}\"},\"query-input\":{\"@type\":\"PropertyValueSpecification\",\"valueRequired\":true,\"valueName\":\"search_term_string\"}}],\"inLanguage\":\"de-CH\"},{\"@type\":\"Organization\",\"@id\":\"https:\\\/\\\/brandfinity.ch\\\/de\\\/#organization\",\"name\":\"Brandfinity\",\"url\":\"https:\\\/\\\/brandfinity.ch\\\/de\\\/\",\"logo\":{\"@type\":\"ImageObject\",\"inLanguage\":\"de-CH\",\"@id\":\"https:\\\/\\\/brandfinity.ch\\\/de\\\/#\\\/schema\\\/logo\\\/image\\\/\",\"url\":\"https:\\\/\\\/brandfinity.ch\\\/wp-content\\\/uploads\\\/2021\\\/11\\\/icon_brandfinity_640px.png\",\"contentUrl\":\"https:\\\/\\\/brandfinity.ch\\\/wp-content\\\/uploads\\\/2021\\\/11\\\/icon_brandfinity_640px.png\",\"width\":640,\"height\":640,\"caption\":\"Brandfinity\"},\"image\":{\"@id\":\"https:\\\/\\\/brandfinity.ch\\\/de\\\/#\\\/schema\\\/logo\\\/image\\\/\"}}]}<\/script>\n<!-- \/ Yoast SEO Premium plugin. -->","yoast_head_json":{"title":"Dankesch\u00f6n - Customer experience optimisation agency","robots":{"index":"index","follow":"follow","max-snippet":"max-snippet:-1","max-image-preview":"max-image-preview:large","max-video-preview":"max-video-preview:-1"},"canonical":"https:\/\/brandfinity.ch\/de\/dankeschon\/","og_locale":"de_DE","og_type":"article","og_title":"Dankesch\u00f6n","og_description":"Vielen Dank, dass Sie uns kontaktiert haben!Wir freuen uns auf den Austausch mit Ihnen! Ihre Nachricht ist bei uns eingegangen, und unser Team wird Ihnen so schnell wie m\u00f6glich antworten.\u00dcberpr\u00fcfen Sie Ihr E-Mail-Postfach (einschlie\u00dflich des Spam-Ordners). Bitte best\u00e4tigen und verifizieren Sie Ihre E-Mail-Adresse, um sicherzustellen, dass Sie unsere n\u00e4chsten Nachrichten direkt in Ihrem Posteingang erhalten [&hellip;]","og_url":"https:\/\/brandfinity.ch\/de\/dankeschon\/","og_site_name":"Customer experience optimisation agency","article_modified_time":"2025-02-10T15:11:21+00:00","twitter_card":"summary_large_image","twitter_misc":{"Gesch\u00e4tzte Lesezeit":"1\u00a0Minute"},"schema":{"@context":"https:\/\/schema.org","@graph":[{"@type":"WebPage","@id":"https:\/\/brandfinity.ch\/de\/dankeschon\/","url":"https:\/\/brandfinity.ch\/de\/dankeschon\/","name":"Dankesch\u00f6n - Customer experience optimisation agency","isPartOf":{"@id":"https:\/\/brandfinity.ch\/de\/#website"},"datePublished":"2021-02-21T11:57:50+00:00","dateModified":"2025-02-10T15:11:21+00:00","breadcrumb":{"@id":"https:\/\/brandfinity.ch\/de\/dankeschon\/#breadcrumb"},"inLanguage":"de-CH","potentialAction":[{"@type":"ReadAction","target":["https:\/\/brandfinity.ch\/de\/dankeschon\/"]}]},{"@type":"BreadcrumbList","@id":"https:\/\/brandfinity.ch\/de\/dankeschon\/#breadcrumb","itemListElement":[{"@type":"ListItem","position":1,"name":"Home","item":"https:\/\/brandfinity.ch\/de\/"},{"@type":"ListItem","position":2,"name":"Dankesch\u00f6n"}]},{"@type":"WebSite","@id":"https:\/\/brandfinity.ch\/de\/#website","url":"https:\/\/brandfinity.ch\/de\/","name":"Customer experience optimisation agency","description":"Brandfinity","publisher":{"@id":"https:\/\/brandfinity.ch\/de\/#organization"},"potentialAction":[{"@type":"SearchAction","target":{"@type":"EntryPoint","urlTemplate":"https:\/\/brandfinity.ch\/de\/?s={search_term_string}"},"query-input":{"@type":"PropertyValueSpecification","valueRequired":true,"valueName":"search_term_string"}}],"inLanguage":"de-CH"},{"@type":"Organization","@id":"https:\/\/brandfinity.ch\/de\/#organization","name":"Brandfinity","url":"https:\/\/brandfinity.ch\/de\/","logo":{"@type":"ImageObject","inLanguage":"de-CH","@id":"https:\/\/brandfinity.ch\/de\/#\/schema\/logo\/image\/","url":"https:\/\/brandfinity.ch\/wp-content\/uploads\/2021\/11\/icon_brandfinity_640px.png","contentUrl":"https:\/\/brandfinity.ch\/wp-content\/uploads\/2021\/11\/icon_brandfinity_640px.png","width":640,"height":640,"caption":"Brandfinity"},"image":{"@id":"https:\/\/brandfinity.ch\/de\/#\/schema\/logo\/image\/"}}]}},"_links":{"self":[{"href":"https:\/\/brandfinity.ch\/de\/wp-json\/wp\/v2\/pages\/26066","targetHints":{"allow":["GET"]}}],"collection":[{"href":"https:\/\/brandfinity.ch\/de\/wp-json\/wp\/v2\/pages"}],"about":[{"href":"https:\/\/brandfinity.ch\/de\/wp-json\/wp\/v2\/types\/page"}],"author":[{"embeddable":true,"href":"https:\/\/brandfinity.ch\/de\/wp-json\/wp\/v2\/users\/1"}],"replies":[{"embeddable":true,"href":"https:\/\/brandfinity.ch\/de\/wp-json\/wp\/v2\/comments?post=26066"}],"version-history":[{"count":21,"href":"https:\/\/brandfinity.ch\/de\/wp-json\/wp\/v2\/pages\/26066\/revisions"}],"predecessor-version":[{"id":233126,"href":"https:\/\/brandfinity.ch\/de\/wp-json\/wp\/v2\/pages\/26066\/revisions\/233126"}],"wp:attachment":[{"href":"https:\/\/brandfinity.ch\/de\/wp-json\/wp\/v2\/media?parent=26066"}],"curies":[{"name":"wp","href":"https:\/\/api.w.org\/{rel}","templated":true}]}}