{"id":26040,"date":"2021-02-21T11:49:23","date_gmt":"2021-02-21T11:49:23","guid":{"rendered":"https:\/\/brandfinity.ch\/uber-uns\/evgeniya-schwaar\/"},"modified":"2025-07-16T11:26:25","modified_gmt":"2025-07-16T11:26:25","slug":"evgeniya-schwaar","status":"publish","type":"page","link":"https:\/\/brandfinity.ch\/de\/uber-uns\/evgeniya-schwaar\/","title":{"rendered":"evgeniya Schwaar"},"content":{"rendered":"<p>[et_pb_section fb_built=&#187;1&#8243; admin_label=&#187;Services&#187; _builder_version=&#187;4.27.4&#8243; background_color=&#187;#ffffff&#187; custom_padding=&#187;90px||0px|||&#187; locked=&#187;off&#187; global_colors_info=&#187;{}&#187;][et_pb_row column_structure=&#187;1_4,3_4&#8243; _builder_version=&#187;4.16&#8243; background_size=&#187;initial&#187; background_position=&#187;top_left&#187; background_repeat=&#187;repeat&#187; custom_width_px=&#187;710px&#187; global_colors_info=&#187;{}&#187;][et_pb_column type=&#187;1_4&#8243; _builder_version=&#187;4.16&#8243; background_position=&#187;top_left&#187; custom_padding=&#187;|||&#187; global_colors_info=&#187;{}&#187; custom_padding__hover=&#187;|||&#187;][et_pb_image src=&#187;https:\/\/brandfinity.ch\/wp-content\/uploads\/2021\/11\/225&#215;225-Ev.jpg&#187; alt=&#187;Evgeniya Schwaar&#187; title_text=&#187;225&#215;225 Ev&#187; _builder_version=&#187;4.16&#8243; _module_preset=&#187;default&#187; global_colors_info=&#187;{}&#187;][\/et_pb_image][\/et_pb_column][et_pb_column type=&#187;3_4&#8243; _builder_version=&#187;4.16&#8243; global_colors_info=&#187;{}&#187;][et_pb_text admin_label=&#187;Services Section Title&#187; _builder_version=&#187;4.27.4&#8243; header_font=&#187;Montserrat||||&#187; header_text_color=&#187;#090A3C&#187; header_font_size=&#187;4vw&#187; text_orientation=&#187;center&#187; max_width=&#187;710px&#187; module_alignment=&#187;center&#187; animation_direction=&#187;bottom&#187; hover_enabled=&#187;0&#8243; global_colors_info=&#187;{}&#187; header_font_size_last_edited=&#187;on|desktop&#187; sticky_enabled=&#187;0&#8243; header_font_size_tablet=&#187;6vw&#187; header_font_size_phone=&#187;8vw&#187;]<\/p>\n<h1><strong>Evgeniya Schwaar<\/strong><\/h1>\n<p>[\/et_pb_text][et_pb_text admin_label=&#187;Services Section Title&#187; _builder_version=&#187;4.27.4&#8243; header_font=&#187;Montserrat||||&#187; header_text_color=&#187;#090A3C&#187; header_font_size=&#187;4vw&#187; text_orientation=&#187;center&#187; max_width=&#187;710px&#187; module_alignment=&#187;center&#187; animation_direction=&#187;bottom&#187; hover_enabled=&#187;0&#8243; global_colors_info=&#187;{}&#187; header_font_size_last_edited=&#187;on|desktop&#187; sticky_enabled=&#187;0&#8243; header_font_size_tablet=&#187;6vw&#187; header_font_size_phone=&#187;8vw&#187;]<\/p>\n<p><span>Als Mitgr\u00fcnderin und Miteigent\u00fcmerin mit Yves-Alain Schwaar hat Evgeniya seit der Gr\u00fcndung des Unternehmens im Jahr 2014 eine f\u00fchrende Rolle beim Wachstum und der Entwicklung von Brandfinity gespielt. Reaktionsschnell und direkt, analytisch und kreativ, ist sie ein Innovator und eine treibende Kraft im Brandfinity-Team.<\/span><\/p>\n<p>[\/et_pb_text][\/et_pb_column][\/et_pb_row][\/et_pb_section][et_pb_section fb_built=&#187;1&#8243; admin_label=&#187;Our Team&#187; _builder_version=&#187;4.27.4&#8243; background_color=&#187;#ffffff&#187; custom_padding=&#187;12px||90px|||&#187; global_colors_info=&#187;{}&#187;][et_pb_row _builder_version=&#187;4.16&#8243; background_size=&#187;initial&#187; background_position=&#187;top_left&#187; background_repeat=&#187;repeat&#187; custom_padding=&#187;2px|||||&#187; custom_width_px=&#187;710px&#187; locked=&#187;off&#187; global_colors_info=&#187;{}&#187;][et_pb_column type=&#187;4_4&#8243; _builder_version=&#187;4.16&#8243; background_position=&#187;top_left&#187; custom_padding=&#187;|||&#187; global_colors_info=&#187;{}&#187; custom_padding__hover=&#187;|||&#187;][et_pb_text _builder_version=&#187;4.27.4&#8243; _module_preset=&#187;default&#187; text_text_color=&#187;#77839a&#187; text_font_size=&#187;20px&#187; hover_enabled=&#187;0&#8243; global_colors_info=&#187;{}&#187; header_3_text_color=&#187;#004FFF&#187; header_3_font_size_last_edited=&#187;on|phone&#187; header_3_font_size=&#187;30px&#187; sticky_enabled=&#187;0&#8243; header_3_font_size_phone=&#187;20px&#187; text_font_size_last_edited=&#187;on|phone&#187; text_font_size_tablet=&#187;2vw&#187; text_font_size_phone=&#187;14pt&#187; text_line_height=&#187;1.8em&#187; header_3_font_size_tablet=&#187;30px&#187;]<\/p>\n<h3>Evgeniya leitet die Bereiche Betriebswirtschaft und digitales Marketing bei Brandfinity und verf\u00fcgt \u00fcber mehr als 10 Jahre Erfahrung in diesen Bereichen.<\/h3>\n<p><span>Zu ihren Aufgaben geh\u00f6ren:<\/span><\/p>\n<ul>\n<li><span>Leitung des Unternehmens zusammen mit Yves-Alain;<\/span><\/li>\n<li><span>Erstellung des Verkaufs- und Marketingplans des Unternehmens;<\/span><\/li>\n<li><span>Steigerung des Bekanntheitsgrads von Brandfinity in den sozialen Medien und der Gesamtpr\u00e4senz des Unternehmens, auch in den bezahlten Medien;<\/span><\/li>\n<li><span>Positionierung und Ranking von Brandfinity im Internet, SEO;<\/span><\/li>\n<li><span>Unterst\u00fctzung der Kundenunternehmen bei der Entwicklung ihres digitalen Marketings;<\/span><\/li>\n<li><span>Bewertung von Plattformen;<\/span><\/li>\n<li><span>Vorbereitung der E-Newsletter f\u00fcr die Abonnenten von Brandfinity;<\/span><\/li>\n<li><span>Festlegung der Website-Architektur;<\/span><\/li>\n<li><span>Verwaltung der Inhalte f\u00fcr die Brandfinity-Website;<\/span><\/li>\n<li><span>Analyse der Leistung der digitalen Aktivit\u00e4ten des Unternehmens;<\/span><\/li>\n<\/ul>\n<p><span>Unterst\u00fctzung der Kunden bei der Festlegung von Strategien und Erstellung von Pl\u00e4nen, Leitf\u00e4den und Empfehlungen auf der Grundlage von Audits, Marktforschung, Branchen-Benchmarking und anderen Analysen, die in die Tat umgesetzt werden k\u00f6nnen.<\/span><\/p>\n<h3><span>Ein grosser Teil ihrer Arbeit besteht darin, neue Gesch\u00e4ftsideen zu entwickeln und zu unterst\u00fctzen.<\/span><\/h3>\n<p><span>\u00a0<\/span><span>Derzeit ist sie f\u00fcr die Vermarktung einer neuen App zur Verwaltung von Kontaktdaten auf Mobiltelefonen zust\u00e4ndig, die die intelligente QR-Contact-Touch-Technologie nutzt und die Daten in Form eines Organigramms darstellt. Die von Reto Kunz und dem Entwickler ASDev produzierte App soll unter dem Namen Contact Mind vermarktet werden. F\u00fcr dieses Projekt erarbeitete sie das Gesch\u00e4ftsmodell, f\u00fchrte Wettbewerbsanalysen und Keyword-Recherchen durch und optimierte die Inhalte f\u00fcr den App Store. Sie definierte die Markenidentit\u00e4t: den Stil und das Aussehen, einschliesslich der visuellen Gestaltung und des Logodesigns, und erstellte die Website. Sie ist auch f\u00fcr die Steigerung des Bekanntheitsgrads von ContactMind durch Online-Werbung verantwortlich.<\/span><\/p>\n<p><span>\u00a0<\/span><span>Im Jahr 2015 hat sie zusammen mit Yves-Alain Schwaar erfolgreich das BeamMeHome-Konzept entworfen und dieses E-Commerce-Projekt mit ihren City-Map-Produkten selbst entwickelt.<\/span><\/p>\n<p><span>BeamMeHome begann als Konzept f\u00fcr die Gr\u00fcndung eines E-Commerce-Unternehmens und umfasste Marktanalyse, Unternehmensfinanzierung und -verwaltung, Produktdesign, Produktprototypen und eine Testproduktion in einer Fabrik. Dazu geh\u00f6rte auch die Steigerung des Produktbewusstseins durch die Gestaltung, Erstellung und Verwaltung einer E-Commerce-Website und die Optimierung der Inhalte. Im Rahmen ihrer Wachstumsstrategie f\u00fcr BeamMeHome schuf und verwaltete sie SM-Kan\u00e4le, k\u00fcmmerte sich um SEO und bezahlte Werbekampagnen und startete Umfragen und Crowdfunding. Sie erkundete auch den physischen Raum, indem sie Werbe-Pop-up-Stores organisierte.<\/span><\/p>\n<h3><span>Evgeniya spielt auch eine wichtige Rolle in der Zusammenarbeit von Brandfinity mit Partnern.\u00a0 <\/span><\/h3>\n<p><span>Brandfinity arbeitet mit bekannten Marken in der Schweiz wie Hotela, Laurastar, Triumph Motorcycles Switzerland, der Hochschule f\u00fcr Wirtschaft Freiburg (HEG-FR), der Hotelfachschule Belvoirpark in Z\u00fcrich und der Hotelfachschule Genf (EHG) zusammen. F\u00fcr diese Projekte war sie unter anderem zust\u00e4ndig f\u00fcr:<\/span><\/p>\n<ul>\n<li><span>\u00a0<\/span><span>SEO-Audit, Marktforschung, Umfragen und Benchmarking-Analysen;<\/span><\/li>\n<li><span>\u00dcberwachung von Google-Trends und Saisonalit\u00e4t;<\/span><\/li>\n<li><span>Analyse der Pr\u00e4senz und der Online-Performance von Mitbewerbern;<\/span><\/li>\n<li><span>Auditing und Keyword-Recherche;<\/span><\/li>\n<li><span>strategische und technische Empfehlungen;<\/span><\/li>\n<li><span>Entwicklung von SM-Ideen f\u00fcr einen Medienplan;<\/span><\/li>\n<li><span>Beratung von H\u00e4ndlern bei der Positionierung und Verbesserung der Sichtbarkeit auf Google Maps;<\/span><\/li>\n<\/ul>\n<p><span>Karen Ruimy ist eine der ersten Kundinnen des Unternehmens. Im Rahmen der Strategieentwicklung f\u00fcr die Musik-, Mode- und Markenangelegenheiten von Ruimy f\u00fchrte sie eine Reihe von Forschungsprojekten durch, gab SEO-Empfehlungen ab, implementierte SEO f\u00fcr ausgew\u00e4hlte Themen und leistete administrative Unterst\u00fctzung f\u00fcr die interne Ticketing-Datenbank.<\/span><\/p>\n<p><span>Zusammen mit Yves-Alain und Hotelconsulta hat sie Addfinity ins Leben gerufen, ein Konzept zur Unterst\u00fctzung von Restaurantbesitzern bei der Erstellung von Websites, um die Sichtbarkeit ihrer Unternehmen zu erh\u00f6hen und ihre Webseiten ansprechender und aufschlussreicher zu gestalten.<\/span><\/p>\n<p><span>F\u00fcr Gulf Air entwarf sie massgeschneiderte Geschenke f\u00fcr die Firmenkunden der Fluggesellschaft in Russland (Beispiel f\u00fcr ein Geschenk hier).<\/span><\/p>\n<p><span>\u00a0<\/span><span>Ihre Arbeitserfahrung erstreckt sich auch auf die F\u00f6rderung der digitalen Pr\u00e4senz von Kleinunternehmen durch verschiedene digitale Marketingl\u00f6sungen. So hat sie beispielsweise Websites f\u00fcr mehrere medizinische Fachleute aus den Bereichen Chirurgie, Psychologie und Kosmetik erstellt, um deren digitale Pr\u00e4senz zu verbessern.<\/span><\/p>\n<p><span>\u00a0<\/span><span>Auf pers\u00f6nlicher Ebene hat sie 2020 die Website f\u00fcr handgefertigte Modeaccessoires, Une-Coquette, ins Leben gerufen. <\/span><\/p>\n<h3><span>\u00a0<\/span><span>Ihr beruflicher Werdegang und ihre Vision<\/span><\/h3>\n<p><span>Bevor sie zusammen mit Yves-Alain Brandfinity gr\u00fcndete, arbeitete Evgeniya von 2006 bis 2014 f\u00fcr Singapore Airlines, wo sie die M\u00f6glichkeit hatte, im Bereich des digitalen Marketings zu arbeiten &#8211; einem Bereich, der damals noch in den Kinderschuhen steckte. Ihre \u00e4usserst produktive Arbeitserfahrung bei Singapore Airlines war ausschlaggebend f\u00fcr ihre Entscheidung sich beruflich auf digitales Marketing zu konzentrieren.<\/span><\/p>\n<p><span>\u00a0<\/span><span>Sie hat einen BA (Hons) in Marketing und einen BA in P\u00e4dagogik. Anschlie\u00dfend vertiefte sie ihr Wissen \u00fcber digitale Technologie und Unternehmensf\u00fchrung durch eine Reihe von Online-Studienprogrammen in den Bereichen Unternehmertum, SEO, soziale Medien und Marketing-Automatisierung. Sie baut ihr Wissen weiter aus und verbessert ihre F\u00e4higkeiten. Ihr Motto ist: &#171;Es ist nie zu sp\u00e4t sein Wissen und seine F\u00e4higkeiten zu erweitern. Lernen bringt Licht in deine pers\u00f6nliche und berufliche Entwicklung&#187;.<\/span><\/p>\n<p><span>\u00a0<\/span><span>Sie ist eine kreative Kraft, begierig darauf, neue Ideen und Technologien zu entdecken, Theorien zu testen und letztendlich mehr zu lernen. Sie liebt Herausforderungen f\u00fcr sich und ihr Team und weiss, dass Widrigkeiten ein Team zusammenbringen k\u00f6nnen, um erstaunliche Ergebnisse zu erzielen und die Entwicklung voranzutreiben. Sie hat ein Gesp\u00fcr daf\u00fcr, mit anderen in Kontakt zu treten, legt Wert auf ein faires Geben und Nehmen und ist dann am besten in der Lage, Projekte zu organisieren. Ihre Liebe zum Detail bei allem, was sie unternimmt, sorgt f\u00fcr erfreuliches Feedback und langfristige Partnerschaften mit Kunden.<\/span><\/p>\n<p><span>Evgeniya ist immer daran interessiert neue Menschen kennenzulernen und sich f\u00fcr neue Projekte und deren Erfolg zu engagieren!<\/span><\/p>\n<p><span>\u00a0<\/span><span>Treffen Sie <a href=\"https:\/\/brandfinity.ch\/about\/yves-alain-schwaar\/\">Yves-Alain Schwaar<\/a>, Mitbegr\u00fcnder und CEO von Brandfinity.<\/span><\/p>\n<p>[\/et_pb_text][\/et_pb_column][\/et_pb_row][\/et_pb_section]<\/p>\n","protected":false},"excerpt":{"rendered":"<p>Evgeniya SchwaarAls Mitgr\u00fcnderin und Miteigent\u00fcmerin mit Yves-Alain Schwaar hat Evgeniya seit der Gr\u00fcndung des Unternehmens im Jahr 2014 eine f\u00fchrende Rolle beim Wachstum und der Entwicklung von Brandfinity gespielt. Reaktionsschnell und direkt, analytisch und kreativ, ist sie ein Innovator und eine treibende Kraft im Brandfinity-Team.Evgeniya leitet die Bereiche Betriebswirtschaft und digitales Marketing bei Brandfinity und [&hellip;]<\/p>\n","protected":false},"author":1,"featured_media":28203,"parent":25957,"menu_order":0,"comment_status":"closed","ping_status":"closed","template":"","meta":{"_et_pb_use_builder":"on","_et_pb_old_content":"","_et_gb_content_width":"","footnotes":""},"class_list":["post-26040","page","type-page","status-publish","has-post-thumbnail","hentry"],"yoast_head":"<!-- This site is optimized with the Yoast SEO Premium plugin v26.6 (Yoast SEO v27.3) - https:\/\/yoast.com\/product\/yoast-seo-premium-wordpress\/ -->\n<title>evgeniya Schwaar - Customer experience optimisation agency<\/title>\n<meta name=\"robots\" content=\"index, follow, max-snippet:-1, max-image-preview:large, max-video-preview:-1\" \/>\n<link rel=\"canonical\" href=\"https:\/\/brandfinity.ch\/de\/uber-uns\/evgeniya-schwaar\/\" \/>\n<meta property=\"og:locale\" content=\"de_DE\" \/>\n<meta property=\"og:type\" content=\"article\" \/>\n<meta property=\"og:title\" content=\"evgeniya Schwaar\" \/>\n<meta property=\"og:description\" content=\"Evgeniya SchwaarAls Mitgr\u00fcnderin und Miteigent\u00fcmerin mit Yves-Alain Schwaar hat Evgeniya seit der Gr\u00fcndung des Unternehmens im Jahr 2014 eine f\u00fchrende Rolle beim Wachstum und der Entwicklung von Brandfinity gespielt. Reaktionsschnell und direkt, analytisch und kreativ, ist sie ein Innovator und eine treibende Kraft im Brandfinity-Team.Evgeniya leitet die Bereiche Betriebswirtschaft und digitales Marketing bei Brandfinity und [&hellip;]\" \/>\n<meta property=\"og:url\" content=\"https:\/\/brandfinity.ch\/de\/uber-uns\/evgeniya-schwaar\/\" \/>\n<meta property=\"og:site_name\" content=\"Customer experience optimisation agency\" \/>\n<meta property=\"article:modified_time\" content=\"2025-07-16T11:26:25+00:00\" \/>\n<meta property=\"og:image\" content=\"https:\/\/brandfinity.ch\/wp-content\/uploads\/2021\/11\/225x225-Ev.jpg\" \/>\n\t<meta property=\"og:image:width\" content=\"938\" \/>\n\t<meta property=\"og:image:height\" content=\"938\" \/>\n\t<meta property=\"og:image:type\" content=\"image\/jpeg\" \/>\n<meta name=\"twitter:card\" content=\"summary_large_image\" \/>\n<meta name=\"twitter:label1\" content=\"Gesch\u00e4tzte Lesezeit\" \/>\n\t<meta name=\"twitter:data1\" content=\"7\u00a0Minuten\" \/>\n<script type=\"application\/ld+json\" class=\"yoast-schema-graph\">{\"@context\":\"https:\\\/\\\/schema.org\",\"@graph\":[{\"@type\":\"WebPage\",\"@id\":\"https:\\\/\\\/brandfinity.ch\\\/de\\\/uber-uns\\\/evgeniya-schwaar\\\/\",\"url\":\"https:\\\/\\\/brandfinity.ch\\\/de\\\/uber-uns\\\/evgeniya-schwaar\\\/\",\"name\":\"evgeniya Schwaar - Customer experience optimisation agency\",\"isPartOf\":{\"@id\":\"https:\\\/\\\/brandfinity.ch\\\/de\\\/#website\"},\"primaryImageOfPage\":{\"@id\":\"https:\\\/\\\/brandfinity.ch\\\/de\\\/uber-uns\\\/evgeniya-schwaar\\\/#primaryimage\"},\"image\":{\"@id\":\"https:\\\/\\\/brandfinity.ch\\\/de\\\/uber-uns\\\/evgeniya-schwaar\\\/#primaryimage\"},\"thumbnailUrl\":\"https:\\\/\\\/brandfinity.ch\\\/wp-content\\\/uploads\\\/2021\\\/11\\\/225x225-Ev.jpg\",\"datePublished\":\"2021-02-21T11:49:23+00:00\",\"dateModified\":\"2025-07-16T11:26:25+00:00\",\"breadcrumb\":{\"@id\":\"https:\\\/\\\/brandfinity.ch\\\/de\\\/uber-uns\\\/evgeniya-schwaar\\\/#breadcrumb\"},\"inLanguage\":\"de-CH\",\"potentialAction\":[{\"@type\":\"ReadAction\",\"target\":[\"https:\\\/\\\/brandfinity.ch\\\/de\\\/uber-uns\\\/evgeniya-schwaar\\\/\"]}]},{\"@type\":\"ImageObject\",\"inLanguage\":\"de-CH\",\"@id\":\"https:\\\/\\\/brandfinity.ch\\\/de\\\/uber-uns\\\/evgeniya-schwaar\\\/#primaryimage\",\"url\":\"https:\\\/\\\/brandfinity.ch\\\/wp-content\\\/uploads\\\/2021\\\/11\\\/225x225-Ev.jpg\",\"contentUrl\":\"https:\\\/\\\/brandfinity.ch\\\/wp-content\\\/uploads\\\/2021\\\/11\\\/225x225-Ev.jpg\",\"width\":938,\"height\":938,\"caption\":\"Evgeniya Schwaar\"},{\"@type\":\"BreadcrumbList\",\"@id\":\"https:\\\/\\\/brandfinity.ch\\\/de\\\/uber-uns\\\/evgeniya-schwaar\\\/#breadcrumb\",\"itemListElement\":[{\"@type\":\"ListItem\",\"position\":1,\"name\":\"Home\",\"item\":\"https:\\\/\\\/brandfinity.ch\\\/de\\\/\"},{\"@type\":\"ListItem\",\"position\":2,\"name\":\"\u00dcber uns\",\"item\":\"https:\\\/\\\/brandfinity.ch\\\/de\\\/uber-uns\\\/\"},{\"@type\":\"ListItem\",\"position\":3,\"name\":\"evgeniya Schwaar\"}]},{\"@type\":\"WebSite\",\"@id\":\"https:\\\/\\\/brandfinity.ch\\\/de\\\/#website\",\"url\":\"https:\\\/\\\/brandfinity.ch\\\/de\\\/\",\"name\":\"Customer experience optimisation agency\",\"description\":\"Brandfinity\",\"publisher\":{\"@id\":\"https:\\\/\\\/brandfinity.ch\\\/de\\\/#organization\"},\"potentialAction\":[{\"@type\":\"SearchAction\",\"target\":{\"@type\":\"EntryPoint\",\"urlTemplate\":\"https:\\\/\\\/brandfinity.ch\\\/de\\\/?s={search_term_string}\"},\"query-input\":{\"@type\":\"PropertyValueSpecification\",\"valueRequired\":true,\"valueName\":\"search_term_string\"}}],\"inLanguage\":\"de-CH\"},{\"@type\":\"Organization\",\"@id\":\"https:\\\/\\\/brandfinity.ch\\\/de\\\/#organization\",\"name\":\"Brandfinity\",\"url\":\"https:\\\/\\\/brandfinity.ch\\\/de\\\/\",\"logo\":{\"@type\":\"ImageObject\",\"inLanguage\":\"de-CH\",\"@id\":\"https:\\\/\\\/brandfinity.ch\\\/de\\\/#\\\/schema\\\/logo\\\/image\\\/\",\"url\":\"https:\\\/\\\/brandfinity.ch\\\/wp-content\\\/uploads\\\/2021\\\/11\\\/icon_brandfinity_640px.png\",\"contentUrl\":\"https:\\\/\\\/brandfinity.ch\\\/wp-content\\\/uploads\\\/2021\\\/11\\\/icon_brandfinity_640px.png\",\"width\":640,\"height\":640,\"caption\":\"Brandfinity\"},\"image\":{\"@id\":\"https:\\\/\\\/brandfinity.ch\\\/de\\\/#\\\/schema\\\/logo\\\/image\\\/\"}}]}<\/script>\n<!-- \/ Yoast SEO Premium plugin. -->","yoast_head_json":{"title":"evgeniya Schwaar - Customer experience optimisation agency","robots":{"index":"index","follow":"follow","max-snippet":"max-snippet:-1","max-image-preview":"max-image-preview:large","max-video-preview":"max-video-preview:-1"},"canonical":"https:\/\/brandfinity.ch\/de\/uber-uns\/evgeniya-schwaar\/","og_locale":"de_DE","og_type":"article","og_title":"evgeniya Schwaar","og_description":"Evgeniya SchwaarAls Mitgr\u00fcnderin und Miteigent\u00fcmerin mit Yves-Alain Schwaar hat Evgeniya seit der Gr\u00fcndung des Unternehmens im Jahr 2014 eine f\u00fchrende Rolle beim Wachstum und der Entwicklung von Brandfinity gespielt. Reaktionsschnell und direkt, analytisch und kreativ, ist sie ein Innovator und eine treibende Kraft im Brandfinity-Team.Evgeniya leitet die Bereiche Betriebswirtschaft und digitales Marketing bei Brandfinity und [&hellip;]","og_url":"https:\/\/brandfinity.ch\/de\/uber-uns\/evgeniya-schwaar\/","og_site_name":"Customer experience optimisation agency","article_modified_time":"2025-07-16T11:26:25+00:00","og_image":[{"width":938,"height":938,"url":"https:\/\/brandfinity.ch\/wp-content\/uploads\/2021\/11\/225x225-Ev.jpg","type":"image\/jpeg"}],"twitter_card":"summary_large_image","twitter_misc":{"Gesch\u00e4tzte Lesezeit":"7\u00a0Minuten"},"schema":{"@context":"https:\/\/schema.org","@graph":[{"@type":"WebPage","@id":"https:\/\/brandfinity.ch\/de\/uber-uns\/evgeniya-schwaar\/","url":"https:\/\/brandfinity.ch\/de\/uber-uns\/evgeniya-schwaar\/","name":"evgeniya Schwaar - Customer experience optimisation agency","isPartOf":{"@id":"https:\/\/brandfinity.ch\/de\/#website"},"primaryImageOfPage":{"@id":"https:\/\/brandfinity.ch\/de\/uber-uns\/evgeniya-schwaar\/#primaryimage"},"image":{"@id":"https:\/\/brandfinity.ch\/de\/uber-uns\/evgeniya-schwaar\/#primaryimage"},"thumbnailUrl":"https:\/\/brandfinity.ch\/wp-content\/uploads\/2021\/11\/225x225-Ev.jpg","datePublished":"2021-02-21T11:49:23+00:00","dateModified":"2025-07-16T11:26:25+00:00","breadcrumb":{"@id":"https:\/\/brandfinity.ch\/de\/uber-uns\/evgeniya-schwaar\/#breadcrumb"},"inLanguage":"de-CH","potentialAction":[{"@type":"ReadAction","target":["https:\/\/brandfinity.ch\/de\/uber-uns\/evgeniya-schwaar\/"]}]},{"@type":"ImageObject","inLanguage":"de-CH","@id":"https:\/\/brandfinity.ch\/de\/uber-uns\/evgeniya-schwaar\/#primaryimage","url":"https:\/\/brandfinity.ch\/wp-content\/uploads\/2021\/11\/225x225-Ev.jpg","contentUrl":"https:\/\/brandfinity.ch\/wp-content\/uploads\/2021\/11\/225x225-Ev.jpg","width":938,"height":938,"caption":"Evgeniya Schwaar"},{"@type":"BreadcrumbList","@id":"https:\/\/brandfinity.ch\/de\/uber-uns\/evgeniya-schwaar\/#breadcrumb","itemListElement":[{"@type":"ListItem","position":1,"name":"Home","item":"https:\/\/brandfinity.ch\/de\/"},{"@type":"ListItem","position":2,"name":"\u00dcber uns","item":"https:\/\/brandfinity.ch\/de\/uber-uns\/"},{"@type":"ListItem","position":3,"name":"evgeniya Schwaar"}]},{"@type":"WebSite","@id":"https:\/\/brandfinity.ch\/de\/#website","url":"https:\/\/brandfinity.ch\/de\/","name":"Customer experience optimisation agency","description":"Brandfinity","publisher":{"@id":"https:\/\/brandfinity.ch\/de\/#organization"},"potentialAction":[{"@type":"SearchAction","target":{"@type":"EntryPoint","urlTemplate":"https:\/\/brandfinity.ch\/de\/?s={search_term_string}"},"query-input":{"@type":"PropertyValueSpecification","valueRequired":true,"valueName":"search_term_string"}}],"inLanguage":"de-CH"},{"@type":"Organization","@id":"https:\/\/brandfinity.ch\/de\/#organization","name":"Brandfinity","url":"https:\/\/brandfinity.ch\/de\/","logo":{"@type":"ImageObject","inLanguage":"de-CH","@id":"https:\/\/brandfinity.ch\/de\/#\/schema\/logo\/image\/","url":"https:\/\/brandfinity.ch\/wp-content\/uploads\/2021\/11\/icon_brandfinity_640px.png","contentUrl":"https:\/\/brandfinity.ch\/wp-content\/uploads\/2021\/11\/icon_brandfinity_640px.png","width":640,"height":640,"caption":"Brandfinity"},"image":{"@id":"https:\/\/brandfinity.ch\/de\/#\/schema\/logo\/image\/"}}]}},"_links":{"self":[{"href":"https:\/\/brandfinity.ch\/de\/wp-json\/wp\/v2\/pages\/26040","targetHints":{"allow":["GET"]}}],"collection":[{"href":"https:\/\/brandfinity.ch\/de\/wp-json\/wp\/v2\/pages"}],"about":[{"href":"https:\/\/brandfinity.ch\/de\/wp-json\/wp\/v2\/types\/page"}],"author":[{"embeddable":true,"href":"https:\/\/brandfinity.ch\/de\/wp-json\/wp\/v2\/users\/1"}],"replies":[{"embeddable":true,"href":"https:\/\/brandfinity.ch\/de\/wp-json\/wp\/v2\/comments?post=26040"}],"version-history":[{"count":32,"href":"https:\/\/brandfinity.ch\/de\/wp-json\/wp\/v2\/pages\/26040\/revisions"}],"predecessor-version":[{"id":235947,"href":"https:\/\/brandfinity.ch\/de\/wp-json\/wp\/v2\/pages\/26040\/revisions\/235947"}],"up":[{"embeddable":true,"href":"https:\/\/brandfinity.ch\/de\/wp-json\/wp\/v2\/pages\/25957"}],"wp:featuredmedia":[{"embeddable":true,"href":"https:\/\/brandfinity.ch\/de\/wp-json\/wp\/v2\/media\/28203"}],"wp:attachment":[{"href":"https:\/\/brandfinity.ch\/de\/wp-json\/wp\/v2\/media?parent=26040"}],"curies":[{"name":"wp","href":"https:\/\/api.w.org\/{rel}","templated":true}]}}