{"id":25963,"date":"2021-02-19T14:19:21","date_gmt":"2021-02-19T14:19:21","guid":{"rendered":"https:\/\/brandfinity.ch\/uber-uns\/yves-alain-schwaar\/"},"modified":"2025-07-16T11:29:24","modified_gmt":"2025-07-16T11:29:24","slug":"yves-alain-schwaar","status":"publish","type":"page","link":"https:\/\/brandfinity.ch\/de\/uber-uns\/yves-alain-schwaar\/","title":{"rendered":"Yves-Alain Schwaar"},"content":{"rendered":"<p>[et_pb_section fb_built=&#187;1&#8243; admin_label=&#187;Services&#187; _builder_version=&#187;4.27.4&#8243; background_color=&#187;#ffffff&#187; custom_padding=&#187;90px||0px|||&#187; locked=&#187;off&#187; global_colors_info=&#187;{}&#187;][et_pb_row column_structure=&#187;1_4,3_4&#8243; _builder_version=&#187;4.16&#8243; background_size=&#187;initial&#187; background_position=&#187;top_left&#187; background_repeat=&#187;repeat&#187; custom_width_px=&#187;710px&#187; global_colors_info=&#187;{}&#187;][et_pb_column type=&#187;1_4&#8243; _builder_version=&#187;4.16&#8243; background_position=&#187;top_left&#187; custom_padding=&#187;|||&#187; global_colors_info=&#187;{}&#187; custom_padding__hover=&#187;|||&#187;][et_pb_team_member image_url=&#187;https:\/\/brandfinity.ch\/wp-content\/uploads\/2021\/11\/225&#215;225-YA.jpg&#187; admin_label=&#187;Member 01&#8243; _builder_version=&#187;4.16&#8243; header_font=&#187;Montserrat||||&#187; header_text_color=&#187;#1f1f1f&#187; header_font_size=&#187;22px&#187; header_line_height=&#187;2em&#187; body_text_align=&#187;center&#187; body_text_color=&#187;#666666&#8243; body_font_size=&#187;16px&#187; background_size=&#187;initial&#187; background_position=&#187;top_left&#187; background_repeat=&#187;repeat&#187; text_orientation=&#187;center&#187; custom_padding=&#187;|||&#187; animation_direction=&#187;bottom&#187; global_colors_info=&#187;{}&#187;][\/et_pb_team_member][\/et_pb_column][et_pb_column type=&#187;3_4&#8243; _builder_version=&#187;4.16&#8243; global_colors_info=&#187;{}&#187;][et_pb_text admin_label=&#187;Services Section Title&#187; _builder_version=&#187;4.27.4&#8243; header_font=&#187;NeurialGrotesk||||||||&#187; header_text_color=&#187;#090a3c&#187; header_font_size=&#187;38px&#187; header_2_font=&#187;NeurialGrotesk||||||||&#187; header_2_text_color=&#187;#090a3c&#187; header_2_font_size=&#187;4vw&#187; text_orientation=&#187;center&#187; max_width=&#187;710px&#187; module_alignment=&#187;center&#187; animation_direction=&#187;bottom&#187; hover_enabled=&#187;0&#8243; global_colors_info=&#187;{}&#187; header_2_font_size_last_edited=&#187;on|phone&#187; sticky_enabled=&#187;0&#8243; header_2_font_size_tablet=&#187;6vw&#187; header_2_font_size_phone=&#187;8vw&#187;]<\/p>\n<h2>Yves-Alain Schwaar<\/h2>\n<p>[\/et_pb_text][et_pb_text admin_label=&#187;Services Section Subtitle&#187; _builder_version=&#187;4.27.4&#8243; text_font=&#187;NeurialGrotesk||||||||&#187; text_text_color=&#187;#77839a&#187; text_line_height=&#187;1.8em&#187; background_size=&#187;initial&#187; background_position=&#187;top_left&#187; background_repeat=&#187;repeat&#187; text_orientation=&#187;center&#187; max_width=&#187;710px&#187; module_alignment=&#187;center&#187; animation_direction=&#187;bottom&#187; hover_enabled=&#187;0&#8243; global_colors_info=&#187;{}&#187; sticky_enabled=&#187;0&#8243;]<\/p>\n<p style=\"text-align: left;\">Yves-Alain ist ein strategisch denkender, unternehmerischer und einf\u00fchlsamer Senior Digital Transformation Leiter, der Unternehmen dabei hilft, <span style=\"font-size: 16px;\">eine digitale und datennutzende Organisation zu werden.<\/span><\/p>\n<p style=\"text-align: left;\"><span style=\"font-size: 16px;\">Yves-Alain verf\u00fcgt \u00fcber zwei Jahrzehnte Erfahrung im Umgang mit Strategien in der Medien-, FMDG-, Luxus-, Transport- und Bildungsbranche auf lokaler und internationaler Ebene. <\/span><span style=\"font-size: 16px;\">Dazu kann er eine umfassende Erfolgsbilanz vorweisen, die den Bereich Transformation und Wachstum durch digitales Marketing betrifft. Yves-Alain ist ein Experte auf <\/span><span style=\"font-size: 16px;\">dem Gebiet der Marketing-Technologien und der Datenanalyse.<\/span><\/p>\n<p>[\/et_pb_text][\/et_pb_column][\/et_pb_row][\/et_pb_section][et_pb_section fb_built=&#187;1&#8243; admin_label=&#187;Our Team&#187; _builder_version=&#187;4.27.4&#8243; background_color=&#187;#ffffff&#187; custom_padding=&#187;12px||90px|||&#187; global_colors_info=&#187;{}&#187;][et_pb_row _builder_version=&#187;4.16&#8243; background_size=&#187;initial&#187; background_position=&#187;top_left&#187; background_repeat=&#187;repeat&#187; custom_padding=&#187;2px|||||&#187; custom_width_px=&#187;710px&#187; locked=&#187;off&#187; global_colors_info=&#187;{}&#187;][et_pb_column type=&#187;4_4&#8243; _builder_version=&#187;4.16&#8243; background_position=&#187;top_left&#187; custom_padding=&#187;|||&#187; global_colors_info=&#187;{}&#187; custom_padding__hover=&#187;|||&#187;][et_pb_text admin_label=&#187;Services Section Title&#187; _builder_version=&#187;4.27.4&#8243; header_font=&#187;NeurialGrotesk||||||||&#187; header_text_color=&#187;#090a3c&#187; header_font_size=&#187;38px&#187; header_2_font=&#187;NeurialGrotesk||||||||&#187; header_2_text_color=&#187;#004FFF&#187; header_2_font_size=&#187;30px&#187; text_orientation=&#187;center&#187; max_width=&#187;988px&#187; module_alignment=&#187;center&#187; animation_direction=&#187;bottom&#187; hover_enabled=&#187;0&#8243; global_colors_info=&#187;{}&#187; header_2_font_size_last_edited=&#187;on|phone&#187; sticky_enabled=&#187;0&#8243; header_2_font_size_phone=&#187;20px&#187; header_2_font_size_tablet=&#187;30px&#187;]<\/p>\n<h2 style=\"text-align: left;\">Organisationen-Umwandlung f\u00fcr die digitale Welt<\/h2>\n<p>[\/et_pb_text][et_pb_text _builder_version=&#187;4.27.4&#8243; text_font=&#187;NeurialGrotesk||||||||&#187; text_text_color=&#187;#77839a&#187; text_font_size=&#187;20px&#187; text_line_height=&#187;1.8em&#187; hover_enabled=&#187;0&#8243; global_colors_info=&#187;{}&#187; text_font_size_last_edited=&#187;on|phone&#187; sticky_enabled=&#187;0&#8243; text_font_size_tablet=&#187;2vw&#187; text_font_size_phone=&#187;14pt&#187;]<\/p>\n<p>Yves-Alain hat seit 2001 die digitale Pr\u00e4senz vieler f\u00fchrender Marken in der Bildungs-, Bankwesen-, Uhren- und Tourismusbranche erfolgreich ausgebaut oder umgewandelt. Sowohl als ein strategischer Denker als auch als Macher hat Yves-Alain eine Br\u00fccke zwischen Marketing- und IT-Teams und IT-Funktionen geschlagen und so digitale Projekte und Programme mit ROI aufgewertet. Das Augenmerk liegt dabei auf den digitalen Medien, wobei Yves-Alain massgeblich an der Einf\u00fchrung von Marken und Programmen wie auch an der Entwicklung erfolgreicher Kommunikations-Kampagnen beteiligt war.<br \/>Sein j\u00fcngstes Projekt umfasst den Aufbau besserer Kapazit\u00e4ten f\u00fcr die Datenanalyse und die Einf\u00fchrung von Marketing-Technologien f\u00fcr die Nutzung von ROMI (Return on Marketing Investment).<\/p>\n<p>In j\u00fcngeren Jahren entwickelte Yves-Alain eine Leidenschaft f\u00fcr das Fliegen und f\u00fcr die Luftfahrt und begann eine Karriere bei \u201eSwissair\u201c als daraus resultierende logische Konsequenz. Als Auszubildender lernte er zwei Jahre in der Abfertigung an Flugh\u00e4fen, bevor er in den Vertrieb wechselte und vom Call-Center-Agent zum f\u00fchrenden Leiter f\u00fcr Marketing-Kommunikation f\u00fcr die Westschweiz aufstieg.<\/p>\n<p>Yves-Alain verliess Genf und zog nach Z\u00fcrich, um ein Programm f\u00fcr Wellness und Fitness f\u00fcr den gr\u00f6ssten Schweizer Einzelh\u00e4ndler \u201eMigros\u201c zu entwickeln. Als sich 2000 das Internet immer mehr etablierte, beschloss Yves-Alain, in die Luftfahrtbranche zur\u00fcckzukehren und Fluggesellschaften bei der Einf\u00fchrung ihrer Online-Buchungsautomaten zu helfen. Nachdem \u201eSwissair\u201c als Fluggesellschaft nicht mehr existierte, wurde Yves-Alain gebeten, die neue Marke \u201eSwiss International Airlines\u201c als Marketing Communication &amp; Incentive Manager einzuf\u00fchren und auf dem Markt zu etablieren.<\/p>\n<p>Zwei Jahre sp\u00e4ter kehrte Yves-Alain nach Genf zur\u00fcck, um die Internetpr\u00e4senz des Schweizer Automobilclubs (Touring Club Suisse) auszubauen, dabei neue Webprofile zu erstellen, eine E-Commerce-Plattform zu kreieren und Intranet-L\u00f6sungen zu entwickeln. Yves-Alain wurde vom Gr\u00fcnder der \u201eDigital Luxury Group\u201c, einer in Genf ans\u00e4ssigen Agentur f\u00fcr digitales Marketing, angerufen und \u00fcbernahm den Betrieb der Agentur und die dazugeh\u00f6rigen Grosskunden. Dabei schaffte er es, die Agentur in vier Jahren in der Gr\u00f6sse zu verdoppeln. Er betreute renommierte Kunden aus der Luxusuhrenbranche, des Privat-Bankings und der Premium-FMCG-Marken.<\/p>\n<p>Seine Leidenschaft f\u00fcr das digitale Marketing und die rasante Entwicklung der Display-Werbung zu einer programmgesteuerten Werbung veranlassten Yves-Alain, als Leiter der digitalen Entwicklung zu \u201ePubligroupe\u201c und \u201ePublicitas\u201c zu wechseln. Dabei machte er das auf Druck basierende Gesch\u00e4ft zu einem Digital-House. Nach dem fairen Privatverkauf von \u201ePublicitas\u201c wechselte Yves-Alain zu \u201eLaureate Hospitality Education\u201c, das sich dann in \u201eSommet Eduation\u201c umbenannte. Bei \u201eSommet Education\u201c maximierte Yves-Alain das Einschreiben der Studenten \u00fcber digitale Kan\u00e4le mit einer CAGR um 20 Prozent pro Jahr. Er implementierte eine Marketing-Technologie-Software mit Datenanalyse- und BI-Funktionen, um die Einschreibung der Studenten aus 100 L\u00e4ndern f\u00fcr zwei Bildungs-Marken voranzutreiben.<\/p>\n<p>Yves-Alain ber\u00e4t jetzt Premium- und B2B-Marken bei ihrer digitalen Transformation und bei der Entwicklung einzigartiger digitaler Kundenreisen durch den Einsatz von Storytelling- und Marketingtechnologien, die durch Datenanalyse eine individuelle Personalisierung und eine h\u00f6here Rendite von Marketinginvestitionen erm\u00f6glichen.<\/p>\n<p><span class=\"Y2IQFc\" lang=\"de\">Lernen Sie <a href=\"https:\/\/brandfinity.ch\/de\/uber-uns\/evgeniya-schwaar\/\"><strong>Evgeniya Schwaar kennen<\/strong><\/a> \u2013 Mitbegr\u00fcnderin von brandfinity<\/span><\/p>\n<p>[\/et_pb_text][\/et_pb_column][\/et_pb_row][\/et_pb_section]<\/p>\n","protected":false},"excerpt":{"rendered":"<p>Yves-Alain SchwaarYves-Alain ist ein strategisch denkender, unternehmerischer und einf\u00fchlsamer Senior Digital Transformation Leiter, der Unternehmen dabei hilft, eine digitale und datennutzende Organisation zu werden. Yves-Alain verf\u00fcgt \u00fcber zwei Jahrzehnte Erfahrung im Umgang mit Strategien in der Medien-, FMDG-, Luxus-, Transport- und Bildungsbranche auf lokaler und internationaler Ebene. Dazu kann er eine umfassende Erfolgsbilanz vorweisen, die [&hellip;]<\/p>\n","protected":false},"author":1,"featured_media":28210,"parent":25957,"menu_order":0,"comment_status":"closed","ping_status":"closed","template":"","meta":{"_et_pb_use_builder":"on","_et_pb_old_content":"","_et_gb_content_width":"","footnotes":""},"class_list":["post-25963","page","type-page","status-publish","has-post-thumbnail","hentry"],"yoast_head":"<!-- This site is optimized with the Yoast SEO Premium plugin v26.6 (Yoast SEO v27.3) - https:\/\/yoast.com\/product\/yoast-seo-premium-wordpress\/ -->\n<title>Yves-Alain Schwaar - Customer experience optimisation agency<\/title>\n<meta name=\"robots\" content=\"index, follow, max-snippet:-1, max-image-preview:large, max-video-preview:-1\" \/>\n<link rel=\"canonical\" href=\"https:\/\/brandfinity.ch\/de\/uber-uns\/yves-alain-schwaar\/\" \/>\n<meta property=\"og:locale\" content=\"de_DE\" \/>\n<meta property=\"og:type\" content=\"article\" \/>\n<meta property=\"og:title\" content=\"Yves-Alain Schwaar\" \/>\n<meta property=\"og:description\" content=\"Yves-Alain SchwaarYves-Alain ist ein strategisch denkender, unternehmerischer und einf\u00fchlsamer Senior Digital Transformation Leiter, der Unternehmen dabei hilft, eine digitale und datennutzende Organisation zu werden. Yves-Alain verf\u00fcgt \u00fcber zwei Jahrzehnte Erfahrung im Umgang mit Strategien in der Medien-, FMDG-, Luxus-, Transport- und Bildungsbranche auf lokaler und internationaler Ebene. Dazu kann er eine umfassende Erfolgsbilanz vorweisen, die [&hellip;]\" \/>\n<meta property=\"og:url\" content=\"https:\/\/brandfinity.ch\/de\/uber-uns\/yves-alain-schwaar\/\" \/>\n<meta property=\"og:site_name\" content=\"Customer experience optimisation agency\" \/>\n<meta property=\"article:modified_time\" content=\"2025-07-16T11:29:24+00:00\" \/>\n<meta property=\"og:image\" content=\"https:\/\/brandfinity.ch\/wp-content\/uploads\/2021\/11\/225x225-YA.jpg\" \/>\n\t<meta property=\"og:image:width\" content=\"938\" \/>\n\t<meta property=\"og:image:height\" content=\"938\" \/>\n\t<meta property=\"og:image:type\" content=\"image\/jpeg\" \/>\n<meta name=\"twitter:card\" content=\"summary_large_image\" \/>\n<meta name=\"twitter:label1\" content=\"Gesch\u00e4tzte Lesezeit\" \/>\n\t<meta name=\"twitter:data1\" content=\"5\u00a0Minuten\" \/>\n<script type=\"application\/ld+json\" class=\"yoast-schema-graph\">{\"@context\":\"https:\\\/\\\/schema.org\",\"@graph\":[{\"@type\":\"WebPage\",\"@id\":\"https:\\\/\\\/brandfinity.ch\\\/de\\\/uber-uns\\\/yves-alain-schwaar\\\/\",\"url\":\"https:\\\/\\\/brandfinity.ch\\\/de\\\/uber-uns\\\/yves-alain-schwaar\\\/\",\"name\":\"Yves-Alain Schwaar - Customer experience optimisation agency\",\"isPartOf\":{\"@id\":\"https:\\\/\\\/brandfinity.ch\\\/de\\\/#website\"},\"primaryImageOfPage\":{\"@id\":\"https:\\\/\\\/brandfinity.ch\\\/de\\\/uber-uns\\\/yves-alain-schwaar\\\/#primaryimage\"},\"image\":{\"@id\":\"https:\\\/\\\/brandfinity.ch\\\/de\\\/uber-uns\\\/yves-alain-schwaar\\\/#primaryimage\"},\"thumbnailUrl\":\"https:\\\/\\\/brandfinity.ch\\\/wp-content\\\/uploads\\\/2021\\\/11\\\/225x225-YA.jpg\",\"datePublished\":\"2021-02-19T14:19:21+00:00\",\"dateModified\":\"2025-07-16T11:29:24+00:00\",\"breadcrumb\":{\"@id\":\"https:\\\/\\\/brandfinity.ch\\\/de\\\/uber-uns\\\/yves-alain-schwaar\\\/#breadcrumb\"},\"inLanguage\":\"de-CH\",\"potentialAction\":[{\"@type\":\"ReadAction\",\"target\":[\"https:\\\/\\\/brandfinity.ch\\\/de\\\/uber-uns\\\/yves-alain-schwaar\\\/\"]}]},{\"@type\":\"ImageObject\",\"inLanguage\":\"de-CH\",\"@id\":\"https:\\\/\\\/brandfinity.ch\\\/de\\\/uber-uns\\\/yves-alain-schwaar\\\/#primaryimage\",\"url\":\"https:\\\/\\\/brandfinity.ch\\\/wp-content\\\/uploads\\\/2021\\\/11\\\/225x225-YA.jpg\",\"contentUrl\":\"https:\\\/\\\/brandfinity.ch\\\/wp-content\\\/uploads\\\/2021\\\/11\\\/225x225-YA.jpg\",\"width\":938,\"height\":938,\"caption\":\"Yves-Alain Schwaar\"},{\"@type\":\"BreadcrumbList\",\"@id\":\"https:\\\/\\\/brandfinity.ch\\\/de\\\/uber-uns\\\/yves-alain-schwaar\\\/#breadcrumb\",\"itemListElement\":[{\"@type\":\"ListItem\",\"position\":1,\"name\":\"Home\",\"item\":\"https:\\\/\\\/brandfinity.ch\\\/de\\\/\"},{\"@type\":\"ListItem\",\"position\":2,\"name\":\"\u00dcber uns\",\"item\":\"https:\\\/\\\/brandfinity.ch\\\/de\\\/uber-uns\\\/\"},{\"@type\":\"ListItem\",\"position\":3,\"name\":\"Yves-Alain Schwaar\"}]},{\"@type\":\"WebSite\",\"@id\":\"https:\\\/\\\/brandfinity.ch\\\/de\\\/#website\",\"url\":\"https:\\\/\\\/brandfinity.ch\\\/de\\\/\",\"name\":\"Customer experience optimisation agency\",\"description\":\"Brandfinity\",\"publisher\":{\"@id\":\"https:\\\/\\\/brandfinity.ch\\\/de\\\/#organization\"},\"potentialAction\":[{\"@type\":\"SearchAction\",\"target\":{\"@type\":\"EntryPoint\",\"urlTemplate\":\"https:\\\/\\\/brandfinity.ch\\\/de\\\/?s={search_term_string}\"},\"query-input\":{\"@type\":\"PropertyValueSpecification\",\"valueRequired\":true,\"valueName\":\"search_term_string\"}}],\"inLanguage\":\"de-CH\"},{\"@type\":\"Organization\",\"@id\":\"https:\\\/\\\/brandfinity.ch\\\/de\\\/#organization\",\"name\":\"Brandfinity\",\"url\":\"https:\\\/\\\/brandfinity.ch\\\/de\\\/\",\"logo\":{\"@type\":\"ImageObject\",\"inLanguage\":\"de-CH\",\"@id\":\"https:\\\/\\\/brandfinity.ch\\\/de\\\/#\\\/schema\\\/logo\\\/image\\\/\",\"url\":\"https:\\\/\\\/brandfinity.ch\\\/wp-content\\\/uploads\\\/2021\\\/11\\\/icon_brandfinity_640px.png\",\"contentUrl\":\"https:\\\/\\\/brandfinity.ch\\\/wp-content\\\/uploads\\\/2021\\\/11\\\/icon_brandfinity_640px.png\",\"width\":640,\"height\":640,\"caption\":\"Brandfinity\"},\"image\":{\"@id\":\"https:\\\/\\\/brandfinity.ch\\\/de\\\/#\\\/schema\\\/logo\\\/image\\\/\"}}]}<\/script>\n<!-- \/ Yoast SEO Premium plugin. -->","yoast_head_json":{"title":"Yves-Alain Schwaar - Customer experience optimisation agency","robots":{"index":"index","follow":"follow","max-snippet":"max-snippet:-1","max-image-preview":"max-image-preview:large","max-video-preview":"max-video-preview:-1"},"canonical":"https:\/\/brandfinity.ch\/de\/uber-uns\/yves-alain-schwaar\/","og_locale":"de_DE","og_type":"article","og_title":"Yves-Alain Schwaar","og_description":"Yves-Alain SchwaarYves-Alain ist ein strategisch denkender, unternehmerischer und einf\u00fchlsamer Senior Digital Transformation Leiter, der Unternehmen dabei hilft, eine digitale und datennutzende Organisation zu werden. Yves-Alain verf\u00fcgt \u00fcber zwei Jahrzehnte Erfahrung im Umgang mit Strategien in der Medien-, FMDG-, Luxus-, Transport- und Bildungsbranche auf lokaler und internationaler Ebene. Dazu kann er eine umfassende Erfolgsbilanz vorweisen, die [&hellip;]","og_url":"https:\/\/brandfinity.ch\/de\/uber-uns\/yves-alain-schwaar\/","og_site_name":"Customer experience optimisation agency","article_modified_time":"2025-07-16T11:29:24+00:00","og_image":[{"width":938,"height":938,"url":"https:\/\/brandfinity.ch\/wp-content\/uploads\/2021\/11\/225x225-YA.jpg","type":"image\/jpeg"}],"twitter_card":"summary_large_image","twitter_misc":{"Gesch\u00e4tzte Lesezeit":"5\u00a0Minuten"},"schema":{"@context":"https:\/\/schema.org","@graph":[{"@type":"WebPage","@id":"https:\/\/brandfinity.ch\/de\/uber-uns\/yves-alain-schwaar\/","url":"https:\/\/brandfinity.ch\/de\/uber-uns\/yves-alain-schwaar\/","name":"Yves-Alain Schwaar - Customer experience optimisation agency","isPartOf":{"@id":"https:\/\/brandfinity.ch\/de\/#website"},"primaryImageOfPage":{"@id":"https:\/\/brandfinity.ch\/de\/uber-uns\/yves-alain-schwaar\/#primaryimage"},"image":{"@id":"https:\/\/brandfinity.ch\/de\/uber-uns\/yves-alain-schwaar\/#primaryimage"},"thumbnailUrl":"https:\/\/brandfinity.ch\/wp-content\/uploads\/2021\/11\/225x225-YA.jpg","datePublished":"2021-02-19T14:19:21+00:00","dateModified":"2025-07-16T11:29:24+00:00","breadcrumb":{"@id":"https:\/\/brandfinity.ch\/de\/uber-uns\/yves-alain-schwaar\/#breadcrumb"},"inLanguage":"de-CH","potentialAction":[{"@type":"ReadAction","target":["https:\/\/brandfinity.ch\/de\/uber-uns\/yves-alain-schwaar\/"]}]},{"@type":"ImageObject","inLanguage":"de-CH","@id":"https:\/\/brandfinity.ch\/de\/uber-uns\/yves-alain-schwaar\/#primaryimage","url":"https:\/\/brandfinity.ch\/wp-content\/uploads\/2021\/11\/225x225-YA.jpg","contentUrl":"https:\/\/brandfinity.ch\/wp-content\/uploads\/2021\/11\/225x225-YA.jpg","width":938,"height":938,"caption":"Yves-Alain Schwaar"},{"@type":"BreadcrumbList","@id":"https:\/\/brandfinity.ch\/de\/uber-uns\/yves-alain-schwaar\/#breadcrumb","itemListElement":[{"@type":"ListItem","position":1,"name":"Home","item":"https:\/\/brandfinity.ch\/de\/"},{"@type":"ListItem","position":2,"name":"\u00dcber uns","item":"https:\/\/brandfinity.ch\/de\/uber-uns\/"},{"@type":"ListItem","position":3,"name":"Yves-Alain Schwaar"}]},{"@type":"WebSite","@id":"https:\/\/brandfinity.ch\/de\/#website","url":"https:\/\/brandfinity.ch\/de\/","name":"Customer experience optimisation agency","description":"Brandfinity","publisher":{"@id":"https:\/\/brandfinity.ch\/de\/#organization"},"potentialAction":[{"@type":"SearchAction","target":{"@type":"EntryPoint","urlTemplate":"https:\/\/brandfinity.ch\/de\/?s={search_term_string}"},"query-input":{"@type":"PropertyValueSpecification","valueRequired":true,"valueName":"search_term_string"}}],"inLanguage":"de-CH"},{"@type":"Organization","@id":"https:\/\/brandfinity.ch\/de\/#organization","name":"Brandfinity","url":"https:\/\/brandfinity.ch\/de\/","logo":{"@type":"ImageObject","inLanguage":"de-CH","@id":"https:\/\/brandfinity.ch\/de\/#\/schema\/logo\/image\/","url":"https:\/\/brandfinity.ch\/wp-content\/uploads\/2021\/11\/icon_brandfinity_640px.png","contentUrl":"https:\/\/brandfinity.ch\/wp-content\/uploads\/2021\/11\/icon_brandfinity_640px.png","width":640,"height":640,"caption":"Brandfinity"},"image":{"@id":"https:\/\/brandfinity.ch\/de\/#\/schema\/logo\/image\/"}}]}},"_links":{"self":[{"href":"https:\/\/brandfinity.ch\/de\/wp-json\/wp\/v2\/pages\/25963","targetHints":{"allow":["GET"]}}],"collection":[{"href":"https:\/\/brandfinity.ch\/de\/wp-json\/wp\/v2\/pages"}],"about":[{"href":"https:\/\/brandfinity.ch\/de\/wp-json\/wp\/v2\/types\/page"}],"author":[{"embeddable":true,"href":"https:\/\/brandfinity.ch\/de\/wp-json\/wp\/v2\/users\/1"}],"replies":[{"embeddable":true,"href":"https:\/\/brandfinity.ch\/de\/wp-json\/wp\/v2\/comments?post=25963"}],"version-history":[{"count":25,"href":"https:\/\/brandfinity.ch\/de\/wp-json\/wp\/v2\/pages\/25963\/revisions"}],"predecessor-version":[{"id":235955,"href":"https:\/\/brandfinity.ch\/de\/wp-json\/wp\/v2\/pages\/25963\/revisions\/235955"}],"up":[{"embeddable":true,"href":"https:\/\/brandfinity.ch\/de\/wp-json\/wp\/v2\/pages\/25957"}],"wp:featuredmedia":[{"embeddable":true,"href":"https:\/\/brandfinity.ch\/de\/wp-json\/wp\/v2\/media\/28210"}],"wp:attachment":[{"href":"https:\/\/brandfinity.ch\/de\/wp-json\/wp\/v2\/media?parent=25963"}],"curies":[{"name":"wp","href":"https:\/\/api.w.org\/{rel}","templated":true}]}}